{"id":60,"date":"2024-06-11T18:50:39","date_gmt":"2024-06-11T18:50:39","guid":{"rendered":"https:\/\/fda-mitte.de\/?page_id=60"},"modified":"2024-06-11T18:54:15","modified_gmt":"2024-06-11T18:54:15","slug":"hansjoerg-rothe","status":"publish","type":"page","link":"https:\/\/fda-mitte.de\/index.php\/mitglieder\/hansjoerg-rothe\/","title":{"rendered":"Hansj\u00f6rg Rothe"},"content":{"rendered":"<div class=\"wp-block-image\">\n<figure class=\"aligncenter size-full\"><img loading=\"lazy\" decoding=\"async\" width=\"395\" height=\"222\" src=\"https:\/\/fda-mitte.de\/wp-content\/uploads\/2024\/06\/hansjoerg_rothe.jpg\" alt=\"\" class=\"wp-image-61\" srcset=\"https:\/\/fda-mitte.de\/wp-content\/uploads\/2024\/06\/hansjoerg_rothe.jpg 395w, https:\/\/fda-mitte.de\/wp-content\/uploads\/2024\/06\/hansjoerg_rothe-300x169.jpg 300w\" sizes=\"auto, (max-width: 395px) 100vw, 395px\" \/><figcaption class=\"wp-element-caption\">Foto: H. Rothe<\/figcaption><\/figure>\n<\/div>\n\n\n<p>Jahrgang 1966, Leipzig, Arzt <\/p>\n\n\n\n<h4 class=\"wp-block-heading\">Druckschriften<\/h4>\n\n\n\n<ul class=\"wp-block-list\">\n<li>&#8222;<strong>Falsche Flagge. Eine Laudatio auf die Abschaffung der verdeckten Ermittler<\/strong>&#8220; in hEFt f\u00fcr Literatur, Stadt und Alltag, Erfurt 2016<\/li>\n\n\n\n<li>&#8222;<strong>Im Schillerhaus zu Gohlis<\/strong>&#8222;, &#8222;<strong>Goethes Kinderglaube<\/strong>&#8220; in &#8222;Das Lindenblatt. Jahresschrift f\u00fcr Sch\u00f6ne Literatur. Arnshaugk Verlag 2015. Titelthema: Kindheit&#8220;<\/li>\n\n\n\n<li>&#8222;<strong>Prinz Alberts t\u00f6dliche Krankheit<\/strong>&#8220; in den Coburger Geschichtsbl\u00e4ttern, Jahresband 23. Jahrgang 2015, Hrsg. Prof. Dr. Gert Melville im Auftrag der Historischen Gesellschaft Coburg e.V., ISSN 0947-0336<\/li>\n\n\n\n<li>&#8222;<strong>General Nacktarsch und die DDR-Strategie<\/strong>&#8222;, &#8222;<strong>Deutschlands Freiheit am Hindukusch<\/strong>&#8222;, &#8222;<strong>Oppenheimer Oliphant<\/strong>&#8222;, &#8222;<strong>Harry Potter und die Pionierorganisation<\/strong>&#8222;, &#8222;<strong>Krjukows Seele<\/strong>&#8222;, &#8222;<strong>\u00dcber den Kirchplatz mit Lanzelot<\/strong>&#8220; in &#8222;Das Lindenblatt. Jahresschrift f\u00fcr Sch\u00f6ne Literatur. Arnshaugk Verlag 2014. Titelthema: Krieg&#8220; ISBN 978-3944064260<\/li>\n\n\n\n<li>&#8222;<strong>Achmeds Proze\u00df<\/strong>&#8222;, &#8222;<strong>Maxh\u00fctte und Poetenstube<\/strong>&#8220; in &#8222;Das Lindenblatt. Jahresschrift f\u00fcr Sch\u00f6ne Literatur. Arnshaugk Verlag 2013. Titelthema: Arbeitswelt&#8220; ISBN 978-3944064024<\/li>\n\n\n\n<li>&#8222;<strong>Von Stierk\u00f6pfen und Ziegenr\u00fccken<\/strong>&#8220; in &#8222;Das Lindenblatt. Jahresschrift f\u00fcr Sch\u00f6ne Literatur. Arnshaugk Verlag 2012. Titelthema: Reise&#8220; ISBN 978-3926370839<\/li>\n\n\n\n<li>&#8222;<strong>Vom gef\u00e4hrlichen Sumpf<\/strong>&#8220; (gemeinsam mit Ludwig D. Morenz) in &#8222;Das  Lindenblatt. Jahresschrift f\u00fcr Sch\u00f6ne Literatur. Arnshaugk Verlag 2011. Titelthema: Satire&#8220; ISBN 978-3926370556<\/li>\n<\/ul>\n\n\n\n<h4 class=\"wp-block-heading\">Online Journale<\/h4>\n\n\n\n<ul class=\"wp-block-list\">\n<li>Neue Rheinische Zeitung  &#8211; &#8222;<strong>Die R\u00fcckkehr des Kalifen<\/strong>&#8220; 2011, &#8222;<strong>Der Kapitalismus frisst seine Patienten<\/strong>&#8220; (gemeinsam mit Sabine Schiffer) 2010, &#8222;<strong>Die nicht gestellte Frage<\/strong>&#8222;2011<\/li>\n\n\n\n<li>Tabula rasa. Zeitung f\u00fcr Gesellschaft und Kultur &#8211;  &#8222;<strong>Soll man Organe verkaufen d\u00fcrfen? Antwort  auf einen Artikel im `Stern`<\/strong>&#8220; 2015, &#8222;<strong>Besessen oder Erkrankt? Die Genetik aus Sicht der fr\u00fchen Kritiker<\/strong>&#8220; 2013<\/li>\n\n\n\n<li>Chinese Studies &#8211; &#8222;<strong>Projecting on China &#8211; German Enlightenment and Volker Braun\u00b4s `Great Peace`<\/strong>&#8220; Wuhan 2013<\/li>\n\n\n\n<li>Hektoen International. A Journal of Medical Humanities &#8211; &#8222;<strong>How to acquire something external: Immanuel Kant on Kidney-Paired Donation<\/strong>&#8220; Chicago 2015, &#8222;<strong>The Mystical Prophet and his Bride of Christ<\/strong>&#8220; 2013<\/li>\n<\/ul>\n\n\n\n<h4 class=\"wp-block-heading\">Anthologien<\/h4>\n\n\n\n<p>&#8222;<strong>Rousseaus Hand<\/strong>&#8220; in Collection deutscher Erz\u00e4hler, 2004, ISBN 978-3-8301-0633-3<\/p>\n\n\n\n<h4 class=\"wp-block-heading\">Rezensionen<\/h4>\n\n\n\n<ul class=\"wp-block-list\">\n<li>&#8222;<strong>Das Paradies. Meine Jugend nach der Mauer (A. H. H\u00fcnniger)<\/strong>&#8220; Lindenblatt 2012<\/li>\n\n\n\n<li>&#8222;<strong>Drachenz\u00e4hmen leicht gemacht (DreamWorks Animation)<\/strong>&#8222;<\/li>\n\n\n\n<li>&#8222;<strong>Das Leben kommt immer dazwischen (Auma Obama)<\/strong>&#8220; Lindenblatt 2013<\/li>\n\n\n\n<li>&#8222;<strong>Muldental (Daniela Krien)<\/strong>&#8222;, <strong>&#8222;Nur anders gelebt (Lutz Zeidler)&#8220;<\/strong> Lindenblatt 2014<\/li>\n\n\n\n<li><strong>&#8222;Medienevolution und die Gewinnung neuer Denkr\u00e4ume (Ludwig D. Morenz)&#8220;<\/strong> Lindenblatt 2015<\/li>\n<\/ul>\n","protected":false},"excerpt":{"rendered":"<p>Jahrgang 1966, Leipzig, Arzt Druckschriften Online Journale Anthologien &#8222;Rousseaus Hand&#8220; in Collection deutscher Erz\u00e4hler, 2004, ISBN 978-3-8301-0633-3 Rezensionen<\/p>\n","protected":false},"author":2,"featured_media":0,"parent":49,"menu_order":0,"comment_status":"closed","ping_status":"closed","template":"","meta":{"footnotes":""},"class_list":["post-60","page","type-page","status-publish","hentry"],"yoast_head":"<!-- This site is optimized with the Yoast SEO plugin v27.2 - https:\/\/yoast.com\/product\/yoast-seo-wordpress\/ -->\n<title>Hansj\u00f6rg Rothe - FDA Mitte<\/title>\n<meta name=\"description\" content=\"Eine kurze \u00dcbersicht zum Autor Hansj\u00f6rg Rothe, Mitglied im Freien Deutschen Autorenverband, Landesverband Mitte.\" \/>\n<meta name=\"robots\" content=\"index, follow, max-snippet:-1, max-image-preview:large, max-video-preview:-1\" \/>\n<link rel=\"canonical\" href=\"https:\/\/fda-mitte.de\/index.php\/mitglieder\/hansjoerg-rothe\/\" \/>\n<meta property=\"og:locale\" content=\"de_DE\" \/>\n<meta property=\"og:type\" content=\"article\" \/>\n<meta property=\"og:title\" content=\"Hansj\u00f6rg Rothe - FDA Mitte\" \/>\n<meta property=\"og:description\" content=\"Eine kurze \u00dcbersicht zum Autor Hansj\u00f6rg Rothe, Mitglied im Freien Deutschen Autorenverband, Landesverband Mitte.\" \/>\n<meta property=\"og:url\" content=\"https:\/\/fda-mitte.de\/index.php\/mitglieder\/hansjoerg-rothe\/\" \/>\n<meta property=\"og:site_name\" content=\"FDA Mitte\" \/>\n<meta property=\"article:modified_time\" content=\"2024-06-11T18:54:15+00:00\" \/>\n<meta property=\"og:image\" content=\"https:\/\/fda-mitte.de\/wp-content\/uploads\/2024\/06\/hansjoerg_rothe.jpg\" \/>\n<meta name=\"twitter:card\" content=\"summary_large_image\" \/>\n<meta name=\"twitter:label1\" content=\"Gesch\u00e4tzte Lesezeit\" \/>\n\t<meta name=\"twitter:data1\" content=\"3\u00a0Minuten\" \/>\n<script type=\"application\/ld+json\" class=\"yoast-schema-graph\">{\"@context\":\"https:\/\/schema.org\",\"@graph\":[{\"@type\":\"WebPage\",\"@id\":\"https:\/\/fda-mitte.de\/index.php\/mitglieder\/hansjoerg-rothe\/\",\"url\":\"https:\/\/fda-mitte.de\/index.php\/mitglieder\/hansjoerg-rothe\/\",\"name\":\"Hansj\u00f6rg Rothe - FDA Mitte\",\"isPartOf\":{\"@id\":\"https:\/\/fda-mitte.de\/#website\"},\"primaryImageOfPage\":{\"@id\":\"https:\/\/fda-mitte.de\/index.php\/mitglieder\/hansjoerg-rothe\/#primaryimage\"},\"image\":{\"@id\":\"https:\/\/fda-mitte.de\/index.php\/mitglieder\/hansjoerg-rothe\/#primaryimage\"},\"thumbnailUrl\":\"https:\/\/fda-mitte.de\/wp-content\/uploads\/2024\/06\/hansjoerg_rothe.jpg\",\"datePublished\":\"2024-06-11T18:50:39+00:00\",\"dateModified\":\"2024-06-11T18:54:15+00:00\",\"description\":\"Eine kurze \u00dcbersicht zum Autor Hansj\u00f6rg Rothe, Mitglied im Freien Deutschen Autorenverband, Landesverband Mitte.\",\"breadcrumb\":{\"@id\":\"https:\/\/fda-mitte.de\/index.php\/mitglieder\/hansjoerg-rothe\/#breadcrumb\"},\"inLanguage\":\"de\",\"potentialAction\":[{\"@type\":\"ReadAction\",\"target\":[\"https:\/\/fda-mitte.de\/index.php\/mitglieder\/hansjoerg-rothe\/\"]}]},{\"@type\":\"ImageObject\",\"inLanguage\":\"de\",\"@id\":\"https:\/\/fda-mitte.de\/index.php\/mitglieder\/hansjoerg-rothe\/#primaryimage\",\"url\":\"https:\/\/fda-mitte.de\/wp-content\/uploads\/2024\/06\/hansjoerg_rothe.jpg\",\"contentUrl\":\"https:\/\/fda-mitte.de\/wp-content\/uploads\/2024\/06\/hansjoerg_rothe.jpg\",\"width\":395,\"height\":222},{\"@type\":\"BreadcrumbList\",\"@id\":\"https:\/\/fda-mitte.de\/index.php\/mitglieder\/hansjoerg-rothe\/#breadcrumb\",\"itemListElement\":[{\"@type\":\"ListItem\",\"position\":1,\"name\":\"Startseite\",\"item\":\"https:\/\/fda-mitte.de\/\"},{\"@type\":\"ListItem\",\"position\":2,\"name\":\"Mitglieder\",\"item\":\"https:\/\/fda-mitte.de\/index.php\/mitglieder\/\"},{\"@type\":\"ListItem\",\"position\":3,\"name\":\"Hansj\u00f6rg Rothe\"}]},{\"@type\":\"WebSite\",\"@id\":\"https:\/\/fda-mitte.de\/#website\",\"url\":\"https:\/\/fda-mitte.de\/\",\"name\":\"FDA Mitte\",\"description\":\"\",\"publisher\":{\"@id\":\"https:\/\/fda-mitte.de\/#organization\"},\"potentialAction\":[{\"@type\":\"SearchAction\",\"target\":{\"@type\":\"EntryPoint\",\"urlTemplate\":\"https:\/\/fda-mitte.de\/?s={search_term_string}\"},\"query-input\":{\"@type\":\"PropertyValueSpecification\",\"valueRequired\":true,\"valueName\":\"search_term_string\"}}],\"inLanguage\":\"de\"},{\"@type\":\"Organization\",\"@id\":\"https:\/\/fda-mitte.de\/#organization\",\"name\":\"FDA Mitte\",\"url\":\"https:\/\/fda-mitte.de\/\",\"logo\":{\"@type\":\"ImageObject\",\"inLanguage\":\"de\",\"@id\":\"https:\/\/fda-mitte.de\/#\/schema\/logo\/image\/\",\"url\":\"https:\/\/fda-mitte.de\/wp-content\/uploads\/2024\/10\/cropped-Logo_300_dpi-1.jpg\",\"contentUrl\":\"https:\/\/fda-mitte.de\/wp-content\/uploads\/2024\/10\/cropped-Logo_300_dpi-1.jpg\",\"width\":747,\"height\":367,\"caption\":\"FDA Mitte\"},\"image\":{\"@id\":\"https:\/\/fda-mitte.de\/#\/schema\/logo\/image\/\"}}]}<\/script>\n<!-- \/ Yoast SEO plugin. -->","yoast_head_json":{"title":"Hansj\u00f6rg Rothe - FDA Mitte","description":"Eine kurze \u00dcbersicht zum Autor Hansj\u00f6rg Rothe, Mitglied im Freien Deutschen Autorenverband, Landesverband Mitte.","robots":{"index":"index","follow":"follow","max-snippet":"max-snippet:-1","max-image-preview":"max-image-preview:large","max-video-preview":"max-video-preview:-1"},"canonical":"https:\/\/fda-mitte.de\/index.php\/mitglieder\/hansjoerg-rothe\/","og_locale":"de_DE","og_type":"article","og_title":"Hansj\u00f6rg Rothe - FDA Mitte","og_description":"Eine kurze \u00dcbersicht zum Autor Hansj\u00f6rg Rothe, Mitglied im Freien Deutschen Autorenverband, Landesverband Mitte.","og_url":"https:\/\/fda-mitte.de\/index.php\/mitglieder\/hansjoerg-rothe\/","og_site_name":"FDA Mitte","article_modified_time":"2024-06-11T18:54:15+00:00","og_image":[{"url":"https:\/\/fda-mitte.de\/wp-content\/uploads\/2024\/06\/hansjoerg_rothe.jpg","type":"","width":"","height":""}],"twitter_card":"summary_large_image","twitter_misc":{"Gesch\u00e4tzte Lesezeit":"3\u00a0Minuten"},"schema":{"@context":"https:\/\/schema.org","@graph":[{"@type":"WebPage","@id":"https:\/\/fda-mitte.de\/index.php\/mitglieder\/hansjoerg-rothe\/","url":"https:\/\/fda-mitte.de\/index.php\/mitglieder\/hansjoerg-rothe\/","name":"Hansj\u00f6rg Rothe - FDA Mitte","isPartOf":{"@id":"https:\/\/fda-mitte.de\/#website"},"primaryImageOfPage":{"@id":"https:\/\/fda-mitte.de\/index.php\/mitglieder\/hansjoerg-rothe\/#primaryimage"},"image":{"@id":"https:\/\/fda-mitte.de\/index.php\/mitglieder\/hansjoerg-rothe\/#primaryimage"},"thumbnailUrl":"https:\/\/fda-mitte.de\/wp-content\/uploads\/2024\/06\/hansjoerg_rothe.jpg","datePublished":"2024-06-11T18:50:39+00:00","dateModified":"2024-06-11T18:54:15+00:00","description":"Eine kurze \u00dcbersicht zum Autor Hansj\u00f6rg Rothe, Mitglied im Freien Deutschen Autorenverband, Landesverband Mitte.","breadcrumb":{"@id":"https:\/\/fda-mitte.de\/index.php\/mitglieder\/hansjoerg-rothe\/#breadcrumb"},"inLanguage":"de","potentialAction":[{"@type":"ReadAction","target":["https:\/\/fda-mitte.de\/index.php\/mitglieder\/hansjoerg-rothe\/"]}]},{"@type":"ImageObject","inLanguage":"de","@id":"https:\/\/fda-mitte.de\/index.php\/mitglieder\/hansjoerg-rothe\/#primaryimage","url":"https:\/\/fda-mitte.de\/wp-content\/uploads\/2024\/06\/hansjoerg_rothe.jpg","contentUrl":"https:\/\/fda-mitte.de\/wp-content\/uploads\/2024\/06\/hansjoerg_rothe.jpg","width":395,"height":222},{"@type":"BreadcrumbList","@id":"https:\/\/fda-mitte.de\/index.php\/mitglieder\/hansjoerg-rothe\/#breadcrumb","itemListElement":[{"@type":"ListItem","position":1,"name":"Startseite","item":"https:\/\/fda-mitte.de\/"},{"@type":"ListItem","position":2,"name":"Mitglieder","item":"https:\/\/fda-mitte.de\/index.php\/mitglieder\/"},{"@type":"ListItem","position":3,"name":"Hansj\u00f6rg Rothe"}]},{"@type":"WebSite","@id":"https:\/\/fda-mitte.de\/#website","url":"https:\/\/fda-mitte.de\/","name":"FDA Mitte","description":"","publisher":{"@id":"https:\/\/fda-mitte.de\/#organization"},"potentialAction":[{"@type":"SearchAction","target":{"@type":"EntryPoint","urlTemplate":"https:\/\/fda-mitte.de\/?s={search_term_string}"},"query-input":{"@type":"PropertyValueSpecification","valueRequired":true,"valueName":"search_term_string"}}],"inLanguage":"de"},{"@type":"Organization","@id":"https:\/\/fda-mitte.de\/#organization","name":"FDA Mitte","url":"https:\/\/fda-mitte.de\/","logo":{"@type":"ImageObject","inLanguage":"de","@id":"https:\/\/fda-mitte.de\/#\/schema\/logo\/image\/","url":"https:\/\/fda-mitte.de\/wp-content\/uploads\/2024\/10\/cropped-Logo_300_dpi-1.jpg","contentUrl":"https:\/\/fda-mitte.de\/wp-content\/uploads\/2024\/10\/cropped-Logo_300_dpi-1.jpg","width":747,"height":367,"caption":"FDA Mitte"},"image":{"@id":"https:\/\/fda-mitte.de\/#\/schema\/logo\/image\/"}}]}},"_links":{"self":[{"href":"https:\/\/fda-mitte.de\/index.php\/wp-json\/wp\/v2\/pages\/60","targetHints":{"allow":["GET"]}}],"collection":[{"href":"https:\/\/fda-mitte.de\/index.php\/wp-json\/wp\/v2\/pages"}],"about":[{"href":"https:\/\/fda-mitte.de\/index.php\/wp-json\/wp\/v2\/types\/page"}],"author":[{"embeddable":true,"href":"https:\/\/fda-mitte.de\/index.php\/wp-json\/wp\/v2\/users\/2"}],"replies":[{"embeddable":true,"href":"https:\/\/fda-mitte.de\/index.php\/wp-json\/wp\/v2\/comments?post=60"}],"version-history":[{"count":3,"href":"https:\/\/fda-mitte.de\/index.php\/wp-json\/wp\/v2\/pages\/60\/revisions"}],"predecessor-version":[{"id":64,"href":"https:\/\/fda-mitte.de\/index.php\/wp-json\/wp\/v2\/pages\/60\/revisions\/64"}],"up":[{"embeddable":true,"href":"https:\/\/fda-mitte.de\/index.php\/wp-json\/wp\/v2\/pages\/49"}],"wp:attachment":[{"href":"https:\/\/fda-mitte.de\/index.php\/wp-json\/wp\/v2\/media?parent=60"}],"curies":[{"name":"wp","href":"https:\/\/api.w.org\/{rel}","templated":true}]}}