{"id":308,"date":"2026-05-08T13:01:19","date_gmt":"2026-05-08T13:01:19","guid":{"rendered":"https:\/\/fda-mitte.de\/?page_id=308"},"modified":"2026-05-08T13:01:45","modified_gmt":"2026-05-08T13:01:45","slug":"marion-serbser","status":"publish","type":"page","link":"https:\/\/fda-mitte.de\/index.php\/mitglieder\/marion-serbser\/","title":{"rendered":"Marion Serbser"},"content":{"rendered":"<div class=\"wp-block-image\">\n<figure class=\"aligncenter size-large is-resized\"><img loading=\"lazy\" decoding=\"async\" width=\"1024\" height=\"1024\" src=\"https:\/\/fda-mitte.de\/wp-content\/uploads\/2026\/05\/Marion_Serbser-Quelle_Marion_Serbser-1024x1024.png\" alt=\"\" class=\"wp-image-309\" style=\"width:319px;height:auto\" srcset=\"https:\/\/fda-mitte.de\/wp-content\/uploads\/2026\/05\/Marion_Serbser-Quelle_Marion_Serbser-1024x1024.png 1024w, https:\/\/fda-mitte.de\/wp-content\/uploads\/2026\/05\/Marion_Serbser-Quelle_Marion_Serbser-300x300.png 300w, https:\/\/fda-mitte.de\/wp-content\/uploads\/2026\/05\/Marion_Serbser-Quelle_Marion_Serbser-150x150.png 150w, https:\/\/fda-mitte.de\/wp-content\/uploads\/2026\/05\/Marion_Serbser-Quelle_Marion_Serbser-768x768.png 768w, https:\/\/fda-mitte.de\/wp-content\/uploads\/2026\/05\/Marion_Serbser-Quelle_Marion_Serbser-1140x1140.png 1140w, https:\/\/fda-mitte.de\/wp-content\/uploads\/2026\/05\/Marion_Serbser-Quelle_Marion_Serbser-75x75.png 75w, https:\/\/fda-mitte.de\/wp-content\/uploads\/2026\/05\/Marion_Serbser-Quelle_Marion_Serbser.png 1254w\" sizes=\"auto, (max-width: 1024px) 100vw, 1024px\" \/><figcaption class=\"wp-element-caption\">Foto: M. Serbser<\/figcaption><\/figure>\n<\/div>\n\n\n<p><strong><em>\u201eDie Dahinterblickende\u201c<\/em><\/strong><\/p>\n\n\n\n<p>Jahrgang 1966<\/p>\n\n\n\n<p>Die Freude am Schreiben schenkt mir eine Welt<\/p>\n\n\n\n<p>voller tiefsch\u00fcrfender Erkenntnisse und Entdeckungen,<\/p>\n\n\n\n<p>f\u00fcr das Sehen hinter den Worten,<\/p>\n\n\n\n<p>f\u00fcr das F\u00fchlen von Wahrheiten,<\/p>\n\n\n\n<p>f\u00fcr den Blick \u00fcber den Tellerrand,<\/p>\n\n\n\n<p>f\u00fcr authentische Wortsch\u00f6pfungen,<\/p>\n\n\n\n<p>f\u00fcr das Heben von alten Sch\u00e4tzen,<\/p>\n\n\n\n<p>f\u00fcr Perlen in der Wortkunst<\/p>\n\n\n\n<p>und die Liebe in all ihren Facetten auszudr\u00fccken,<\/p>\n\n\n\n<p>die ich mit Herzmenschen teilen m\u00f6chte.<\/p>\n\n\n\n<div style=\"height:33px\" aria-hidden=\"true\" class=\"wp-block-spacer\"><\/div>\n\n\n\n<h4 class=\"wp-block-heading\">Ver\u00f6ffentlichungen<\/h4>\n\n\n\n<p>2026 \u2013 \u201e<strong>Die wahre Volksbibel<\/strong>\u201c (Prosa &amp; Poesie)<br>ISBN 978-3-38489-649-0 (Buch) (ab 14 Jahre)<br>ISBN 978-3-384-90531-4 (E-Book)<br>Eine Schriftensammlung f\u00fcr\u2019s Volk \u2013<br>\u00dcber alle \u00dcbel dieser Welt und die L\u00f6sung \u2013 Gnosis und Weisheit pur<\/p>\n\n\n\n<p>2025 \u2013 \u201e<strong>Ja, so warn`s<\/strong>\u201c \u2013 Eine Zeitreise durch die Geschichte Westth\u00fcringens<br>Herzr\u00fchrende Legenden von vergessenen Helden und Geschichten in Gedichten<br>(auf Nachfrage), (ab 10 Jahre)<\/p>\n\n\n\n<p>2025 \u2013 \u201e<strong>Weihnachtliche Schmunzelgeschichten in Gedichten<\/strong>\u201c<br>Ein Weihnachtskalender mit historischen Th\u00fcringer Weihnachtsgeschichten in Gedichten<br>(auf Nachfrage)<\/p>\n\n\n\n<p>2025 \u2013 \u201e<strong>Kostenlos Bananen \u2013 der Weg in die F\u00fclle<\/strong>\u201c (Prosa)<br>(auf Nachfrage), (ab 14 Jahre)<\/p>\n\n\n\n<p>2024 \u2013 \u201e<strong>M\u00e4rchen und Sagenhaftes aus Th\u00fcringen<\/strong>\u201c<br>Herzr\u00fchrende Legenden von vergessenen Helden und Geschichten in Gedichten<br>(auf Nachfrage), (ab 10 Jahre)<\/p>\n\n\n\n<p>2024 \u2013 \u201e<strong>Gott ruft heim<\/strong>\u201c, \u201e<strong>33 biblische Liebesgr\u00fc\u00dfe aus der Rh\u00f6n<\/strong>\u201c<br>ISBN 978-3-96940-877-3 (ab 14 Jahre)<br>Unbekannte biblische Weisheiten und Wahrheiten; (Prosa &amp; Poesie)<\/p>\n\n\n\n<p>2024 \u2013 \u201e<strong>Wertvoller als Diamanten<\/strong>\u201c, \u201e<strong>66 Liebesgr\u00fc\u00dfe aus der Unendlichkeit<\/strong>\u201c<br>ISBN 978-3-96940-864-3 (ab 14 Jahre)<br>Liebes- und Naturgedichte, Gedanken f\u00fcrs Herz und zum Erkennen<\/p>\n\n\n\n<p>2024 \u2013 \u201e<strong>In der Liebe angekommen<\/strong>\u201c, \u201e<strong>99 Perlen der Weisheit<\/strong>\u201c<br>ISBN 978-3-96940-740-0 (ab 14 Jahre)<br>Liebes- und Naturgedichte, Gedanken f\u00fcrs Herz und zum Aufwachen<\/p>\n\n\n\n<p>2024 \u2013 \u201e<strong>Liebesfeuer des Himmels<\/strong>\u201c, \u201e<strong>88 Perlen f\u00fcr\u2019s Herz<\/strong>\u201c<br>ISBN 978-3-96940-741-7 (ab 12 Jahre)<br>Liebes- und Naturgedichte, Gedanken f\u00fcrs Herz und zum Nachdenken<\/p>\n\n\n\n<p>2023 \u2013 \u201e<strong>Da ist nichts als Liebe<\/strong>\u201c, \u201e<strong>77 Perlen aus dem Ozean der Liebe<\/strong>\u201c<br>ISBN 978-3-96940-739-4 (ab 10 Jahre)<br>Liebes- und Naturgedichte sowie f\u00fcr alle Anl\u00e4sse, Gedanken f\u00fcr Herz und Seele<\/p>\n\n\n\n<p>2022 \u2013 \u201e<strong>Lichtfreunde der Kinder<\/strong>\u201c, ISBN: 978-3-96940-316-7 (ab 10 Jahre)<br>Magie und Lichtgedanken pur mit Syno Campanell, einem Metifla aus Mensch, Tier und Pflanze, Abenteuer mit Leon und Jimmy<\/p>\n","protected":false},"excerpt":{"rendered":"<p>\u201eDie Dahinterblickende\u201c Jahrgang 1966 Die Freude am Schreiben schenkt mir eine Welt voller tiefsch\u00fcrfender Erkenntnisse und Entdeckungen, f\u00fcr das Sehen hinter den Worten, f\u00fcr das F\u00fchlen von Wahrheiten, f\u00fcr den Blick \u00fcber den Tellerrand, f\u00fcr authentische Wortsch\u00f6pfungen, f\u00fcr das Heben von alten Sch\u00e4tzen, f\u00fcr Perlen in der Wortkunst und die Liebe in all ihren Facetten auszudr\u00fccken, die ich mit Herzmenschen teilen m\u00f6chte. Ver\u00f6ffentlichungen 2026 \u2013 \u201eDie wahre Volksbibel\u201c (Prosa &amp; Poesie)ISBN 978-3-38489-649-0 (Buch) (ab 14 Jahre)ISBN 978-3-384-90531-4 (E-Book)Eine Schriftensammlung f\u00fcr\u2019s Volk \u2013\u00dcber alle \u00dcbel dieser Welt und die L\u00f6sung \u2013 Gnosis und Weisheit pur 2025 \u2013 \u201eJa, so warn`s\u201c \u2013 Eine Zeitreise durch die Geschichte Westth\u00fcringensHerzr\u00fchrende Legenden von vergessenen Helden und Geschichten in Gedichten(auf Nachfrage), (ab 10 Jahre) 2025 \u2013 \u201eWeihnachtliche Schmunzelgeschichten in Gedichten\u201cEin Weihnachtskalender mit historischen Th\u00fcringer Weihnachtsgeschichten in Gedichten(auf Nachfrage) 2025 \u2013 \u201eKostenlos Bananen \u2013 der Weg in die F\u00fclle\u201c (Prosa)(auf Nachfrage), (ab 14 Jahre) 2024 \u2013 \u201eM\u00e4rchen und Sagenhaftes aus Th\u00fcringen\u201cHerzr\u00fchrende Legenden von vergessenen Helden und Geschichten in Gedichten(auf Nachfrage), (ab 10 Jahre) 2024 \u2013 \u201eGott ruft heim\u201c, \u201e33 biblische Liebesgr\u00fc\u00dfe aus der Rh\u00f6n\u201cISBN 978-3-96940-877-3 (ab 14 Jahre)Unbekannte biblische Weisheiten und Wahrheiten; (Prosa &amp; Poesie) 2024 \u2013 \u201eWertvoller als Diamanten\u201c, \u201e66 Liebesgr\u00fc\u00dfe aus der Unendlichkeit\u201cISBN 978-3-96940-864-3 (ab 14 Jahre)Liebes- und Naturgedichte, Gedanken f\u00fcrs Herz und zum Erkennen 2024 \u2013 \u201eIn der Liebe angekommen\u201c, \u201e99 Perlen der Weisheit\u201cISBN 978-3-96940-740-0 (ab 14 Jahre)Liebes- und Naturgedichte, Gedanken f\u00fcrs Herz und zum Aufwachen 2024 \u2013 \u201eLiebesfeuer des Himmels\u201c, \u201e88 Perlen f\u00fcr\u2019s Herz\u201cISBN 978-3-96940-741-7 (ab 12 Jahre)Liebes- und Naturgedichte, Gedanken f\u00fcrs Herz und zum Nachdenken 2023 \u2013 \u201eDa ist nichts als Liebe\u201c, \u201e77 Perlen aus dem Ozean der Liebe\u201cISBN 978-3-96940-739-4 (ab 10 Jahre)Liebes- und Naturgedichte sowie f\u00fcr alle Anl\u00e4sse, Gedanken f\u00fcr Herz und Seele 2022 \u2013 \u201eLichtfreunde der Kinder\u201c, ISBN: 978-3-96940-316-7 (ab 10 Jahre)Magie und Lichtgedanken pur mit Syno Campanell, einem Metifla aus Mensch, Tier und Pflanze, Abenteuer mit Leon und Jimmy<\/p>\n","protected":false},"author":2,"featured_media":0,"parent":49,"menu_order":0,"comment_status":"closed","ping_status":"closed","template":"","meta":{"footnotes":""},"class_list":["post-308","page","type-page","status-publish","hentry"],"yoast_head":"<!-- This site is optimized with the Yoast SEO plugin v27.5 - https:\/\/yoast.com\/product\/yoast-seo-wordpress\/ -->\n<title>Marion Serbser - FDA Mitte<\/title>\n<meta name=\"robots\" content=\"index, follow, max-snippet:-1, max-image-preview:large, max-video-preview:-1\" \/>\n<link rel=\"canonical\" href=\"https:\/\/fda-mitte.de\/index.php\/mitglieder\/marion-serbser\/\" \/>\n<meta property=\"og:locale\" content=\"de_DE\" \/>\n<meta property=\"og:type\" content=\"article\" \/>\n<meta property=\"og:title\" content=\"Marion Serbser - FDA Mitte\" \/>\n<meta property=\"og:description\" content=\"\u201eDie Dahinterblickende\u201c Jahrgang 1966 Die Freude am Schreiben schenkt mir eine Welt voller tiefsch\u00fcrfender Erkenntnisse und Entdeckungen, f\u00fcr das Sehen hinter den Worten, f\u00fcr das F\u00fchlen von Wahrheiten, f\u00fcr den Blick \u00fcber den Tellerrand, f\u00fcr authentische Wortsch\u00f6pfungen, f\u00fcr das Heben von alten Sch\u00e4tzen, f\u00fcr Perlen in der Wortkunst und die Liebe in all ihren Facetten auszudr\u00fccken, die ich mit Herzmenschen teilen m\u00f6chte. Ver\u00f6ffentlichungen 2026 \u2013 \u201eDie wahre Volksbibel\u201c (Prosa &amp; Poesie)ISBN 978-3-38489-649-0 (Buch) (ab 14 Jahre)ISBN 978-3-384-90531-4 (E-Book)Eine Schriftensammlung f\u00fcr\u2019s Volk \u2013\u00dcber alle \u00dcbel dieser Welt und die L\u00f6sung \u2013 Gnosis und Weisheit pur 2025 \u2013 \u201eJa, so warn`s\u201c \u2013 Eine Zeitreise durch die Geschichte Westth\u00fcringensHerzr\u00fchrende Legenden von vergessenen Helden und Geschichten in Gedichten(auf Nachfrage), (ab 10 Jahre) 2025 \u2013 \u201eWeihnachtliche Schmunzelgeschichten in Gedichten\u201cEin Weihnachtskalender mit historischen Th\u00fcringer Weihnachtsgeschichten in Gedichten(auf Nachfrage) 2025 \u2013 \u201eKostenlos Bananen \u2013 der Weg in die F\u00fclle\u201c (Prosa)(auf Nachfrage), (ab 14 Jahre) 2024 \u2013 \u201eM\u00e4rchen und Sagenhaftes aus Th\u00fcringen\u201cHerzr\u00fchrende Legenden von vergessenen Helden und Geschichten in Gedichten(auf Nachfrage), (ab 10 Jahre) 2024 \u2013 \u201eGott ruft heim\u201c, \u201e33 biblische Liebesgr\u00fc\u00dfe aus der Rh\u00f6n\u201cISBN 978-3-96940-877-3 (ab 14 Jahre)Unbekannte biblische Weisheiten und Wahrheiten; (Prosa &amp; Poesie) 2024 \u2013 \u201eWertvoller als Diamanten\u201c, \u201e66 Liebesgr\u00fc\u00dfe aus der Unendlichkeit\u201cISBN 978-3-96940-864-3 (ab 14 Jahre)Liebes- und Naturgedichte, Gedanken f\u00fcrs Herz und zum Erkennen 2024 \u2013 \u201eIn der Liebe angekommen\u201c, \u201e99 Perlen der Weisheit\u201cISBN 978-3-96940-740-0 (ab 14 Jahre)Liebes- und Naturgedichte, Gedanken f\u00fcrs Herz und zum Aufwachen 2024 \u2013 \u201eLiebesfeuer des Himmels\u201c, \u201e88 Perlen f\u00fcr\u2019s Herz\u201cISBN 978-3-96940-741-7 (ab 12 Jahre)Liebes- und Naturgedichte, Gedanken f\u00fcrs Herz und zum Nachdenken 2023 \u2013 \u201eDa ist nichts als Liebe\u201c, \u201e77 Perlen aus dem Ozean der Liebe\u201cISBN 978-3-96940-739-4 (ab 10 Jahre)Liebes- und Naturgedichte sowie f\u00fcr alle Anl\u00e4sse, Gedanken f\u00fcr Herz und Seele 2022 \u2013 \u201eLichtfreunde der Kinder\u201c, ISBN: 978-3-96940-316-7 (ab 10 Jahre)Magie und Lichtgedanken pur mit Syno Campanell, einem Metifla aus Mensch, Tier und Pflanze, Abenteuer mit Leon und Jimmy\" \/>\n<meta property=\"og:url\" content=\"https:\/\/fda-mitte.de\/index.php\/mitglieder\/marion-serbser\/\" \/>\n<meta property=\"og:site_name\" content=\"FDA Mitte\" \/>\n<meta property=\"article:modified_time\" content=\"2026-05-08T13:01:45+00:00\" \/>\n<meta property=\"og:image\" content=\"https:\/\/fda-mitte.de\/wp-content\/uploads\/2026\/05\/Marion_Serbser-Quelle_Marion_Serbser.png\" \/>\n\t<meta property=\"og:image:width\" content=\"1254\" \/>\n\t<meta property=\"og:image:height\" content=\"1254\" \/>\n\t<meta property=\"og:image:type\" content=\"image\/png\" \/>\n<meta name=\"twitter:card\" content=\"summary_large_image\" \/>\n<meta name=\"twitter:label1\" content=\"Gesch\u00e4tzte Lesezeit\" \/>\n\t<meta name=\"twitter:data1\" content=\"1\u00a0Minute\" \/>\n<script type=\"application\/ld+json\" class=\"yoast-schema-graph\">{\"@context\":\"https:\\\/\\\/schema.org\",\"@graph\":[{\"@type\":\"WebPage\",\"@id\":\"https:\\\/\\\/fda-mitte.de\\\/index.php\\\/mitglieder\\\/marion-serbser\\\/\",\"url\":\"https:\\\/\\\/fda-mitte.de\\\/index.php\\\/mitglieder\\\/marion-serbser\\\/\",\"name\":\"Marion Serbser - FDA Mitte\",\"isPartOf\":{\"@id\":\"https:\\\/\\\/fda-mitte.de\\\/#website\"},\"primaryImageOfPage\":{\"@id\":\"https:\\\/\\\/fda-mitte.de\\\/index.php\\\/mitglieder\\\/marion-serbser\\\/#primaryimage\"},\"image\":{\"@id\":\"https:\\\/\\\/fda-mitte.de\\\/index.php\\\/mitglieder\\\/marion-serbser\\\/#primaryimage\"},\"thumbnailUrl\":\"https:\\\/\\\/fda-mitte.de\\\/wp-content\\\/uploads\\\/2026\\\/05\\\/Marion_Serbser-Quelle_Marion_Serbser-1024x1024.png\",\"datePublished\":\"2026-05-08T13:01:19+00:00\",\"dateModified\":\"2026-05-08T13:01:45+00:00\",\"breadcrumb\":{\"@id\":\"https:\\\/\\\/fda-mitte.de\\\/index.php\\\/mitglieder\\\/marion-serbser\\\/#breadcrumb\"},\"inLanguage\":\"de\",\"potentialAction\":[{\"@type\":\"ReadAction\",\"target\":[\"https:\\\/\\\/fda-mitte.de\\\/index.php\\\/mitglieder\\\/marion-serbser\\\/\"]}]},{\"@type\":\"ImageObject\",\"inLanguage\":\"de\",\"@id\":\"https:\\\/\\\/fda-mitte.de\\\/index.php\\\/mitglieder\\\/marion-serbser\\\/#primaryimage\",\"url\":\"https:\\\/\\\/fda-mitte.de\\\/wp-content\\\/uploads\\\/2026\\\/05\\\/Marion_Serbser-Quelle_Marion_Serbser.png\",\"contentUrl\":\"https:\\\/\\\/fda-mitte.de\\\/wp-content\\\/uploads\\\/2026\\\/05\\\/Marion_Serbser-Quelle_Marion_Serbser.png\",\"width\":1254,\"height\":1254},{\"@type\":\"BreadcrumbList\",\"@id\":\"https:\\\/\\\/fda-mitte.de\\\/index.php\\\/mitglieder\\\/marion-serbser\\\/#breadcrumb\",\"itemListElement\":[{\"@type\":\"ListItem\",\"position\":1,\"name\":\"Startseite\",\"item\":\"https:\\\/\\\/fda-mitte.de\\\/\"},{\"@type\":\"ListItem\",\"position\":2,\"name\":\"Mitglieder\",\"item\":\"https:\\\/\\\/fda-mitte.de\\\/index.php\\\/mitglieder\\\/\"},{\"@type\":\"ListItem\",\"position\":3,\"name\":\"Marion Serbser\"}]},{\"@type\":\"WebSite\",\"@id\":\"https:\\\/\\\/fda-mitte.de\\\/#website\",\"url\":\"https:\\\/\\\/fda-mitte.de\\\/\",\"name\":\"FDA Mitte\",\"description\":\"\",\"publisher\":{\"@id\":\"https:\\\/\\\/fda-mitte.de\\\/#organization\"},\"potentialAction\":[{\"@type\":\"SearchAction\",\"target\":{\"@type\":\"EntryPoint\",\"urlTemplate\":\"https:\\\/\\\/fda-mitte.de\\\/?s={search_term_string}\"},\"query-input\":{\"@type\":\"PropertyValueSpecification\",\"valueRequired\":true,\"valueName\":\"search_term_string\"}}],\"inLanguage\":\"de\"},{\"@type\":\"Organization\",\"@id\":\"https:\\\/\\\/fda-mitte.de\\\/#organization\",\"name\":\"FDA Mitte\",\"url\":\"https:\\\/\\\/fda-mitte.de\\\/\",\"logo\":{\"@type\":\"ImageObject\",\"inLanguage\":\"de\",\"@id\":\"https:\\\/\\\/fda-mitte.de\\\/#\\\/schema\\\/logo\\\/image\\\/\",\"url\":\"https:\\\/\\\/fda-mitte.de\\\/wp-content\\\/uploads\\\/2024\\\/10\\\/cropped-Logo_300_dpi-1.jpg\",\"contentUrl\":\"https:\\\/\\\/fda-mitte.de\\\/wp-content\\\/uploads\\\/2024\\\/10\\\/cropped-Logo_300_dpi-1.jpg\",\"width\":747,\"height\":367,\"caption\":\"FDA Mitte\"},\"image\":{\"@id\":\"https:\\\/\\\/fda-mitte.de\\\/#\\\/schema\\\/logo\\\/image\\\/\"}}]}<\/script>\n<!-- \/ Yoast SEO plugin. -->","yoast_head_json":{"title":"Marion Serbser - FDA Mitte","robots":{"index":"index","follow":"follow","max-snippet":"max-snippet:-1","max-image-preview":"max-image-preview:large","max-video-preview":"max-video-preview:-1"},"canonical":"https:\/\/fda-mitte.de\/index.php\/mitglieder\/marion-serbser\/","og_locale":"de_DE","og_type":"article","og_title":"Marion Serbser - FDA Mitte","og_description":"\u201eDie Dahinterblickende\u201c Jahrgang 1966 Die Freude am Schreiben schenkt mir eine Welt voller tiefsch\u00fcrfender Erkenntnisse und Entdeckungen, f\u00fcr das Sehen hinter den Worten, f\u00fcr das F\u00fchlen von Wahrheiten, f\u00fcr den Blick \u00fcber den Tellerrand, f\u00fcr authentische Wortsch\u00f6pfungen, f\u00fcr das Heben von alten Sch\u00e4tzen, f\u00fcr Perlen in der Wortkunst und die Liebe in all ihren Facetten auszudr\u00fccken, die ich mit Herzmenschen teilen m\u00f6chte. Ver\u00f6ffentlichungen 2026 \u2013 \u201eDie wahre Volksbibel\u201c (Prosa &amp; Poesie)ISBN 978-3-38489-649-0 (Buch) (ab 14 Jahre)ISBN 978-3-384-90531-4 (E-Book)Eine Schriftensammlung f\u00fcr\u2019s Volk \u2013\u00dcber alle \u00dcbel dieser Welt und die L\u00f6sung \u2013 Gnosis und Weisheit pur 2025 \u2013 \u201eJa, so warn`s\u201c \u2013 Eine Zeitreise durch die Geschichte Westth\u00fcringensHerzr\u00fchrende Legenden von vergessenen Helden und Geschichten in Gedichten(auf Nachfrage), (ab 10 Jahre) 2025 \u2013 \u201eWeihnachtliche Schmunzelgeschichten in Gedichten\u201cEin Weihnachtskalender mit historischen Th\u00fcringer Weihnachtsgeschichten in Gedichten(auf Nachfrage) 2025 \u2013 \u201eKostenlos Bananen \u2013 der Weg in die F\u00fclle\u201c (Prosa)(auf Nachfrage), (ab 14 Jahre) 2024 \u2013 \u201eM\u00e4rchen und Sagenhaftes aus Th\u00fcringen\u201cHerzr\u00fchrende Legenden von vergessenen Helden und Geschichten in Gedichten(auf Nachfrage), (ab 10 Jahre) 2024 \u2013 \u201eGott ruft heim\u201c, \u201e33 biblische Liebesgr\u00fc\u00dfe aus der Rh\u00f6n\u201cISBN 978-3-96940-877-3 (ab 14 Jahre)Unbekannte biblische Weisheiten und Wahrheiten; (Prosa &amp; Poesie) 2024 \u2013 \u201eWertvoller als Diamanten\u201c, \u201e66 Liebesgr\u00fc\u00dfe aus der Unendlichkeit\u201cISBN 978-3-96940-864-3 (ab 14 Jahre)Liebes- und Naturgedichte, Gedanken f\u00fcrs Herz und zum Erkennen 2024 \u2013 \u201eIn der Liebe angekommen\u201c, \u201e99 Perlen der Weisheit\u201cISBN 978-3-96940-740-0 (ab 14 Jahre)Liebes- und Naturgedichte, Gedanken f\u00fcrs Herz und zum Aufwachen 2024 \u2013 \u201eLiebesfeuer des Himmels\u201c, \u201e88 Perlen f\u00fcr\u2019s Herz\u201cISBN 978-3-96940-741-7 (ab 12 Jahre)Liebes- und Naturgedichte, Gedanken f\u00fcrs Herz und zum Nachdenken 2023 \u2013 \u201eDa ist nichts als Liebe\u201c, \u201e77 Perlen aus dem Ozean der Liebe\u201cISBN 978-3-96940-739-4 (ab 10 Jahre)Liebes- und Naturgedichte sowie f\u00fcr alle Anl\u00e4sse, Gedanken f\u00fcr Herz und Seele 2022 \u2013 \u201eLichtfreunde der Kinder\u201c, ISBN: 978-3-96940-316-7 (ab 10 Jahre)Magie und Lichtgedanken pur mit Syno Campanell, einem Metifla aus Mensch, Tier und Pflanze, Abenteuer mit Leon und Jimmy","og_url":"https:\/\/fda-mitte.de\/index.php\/mitglieder\/marion-serbser\/","og_site_name":"FDA Mitte","article_modified_time":"2026-05-08T13:01:45+00:00","og_image":[{"width":1254,"height":1254,"url":"https:\/\/fda-mitte.de\/wp-content\/uploads\/2026\/05\/Marion_Serbser-Quelle_Marion_Serbser.png","type":"image\/png"}],"twitter_card":"summary_large_image","twitter_misc":{"Gesch\u00e4tzte Lesezeit":"1\u00a0Minute"},"schema":{"@context":"https:\/\/schema.org","@graph":[{"@type":"WebPage","@id":"https:\/\/fda-mitte.de\/index.php\/mitglieder\/marion-serbser\/","url":"https:\/\/fda-mitte.de\/index.php\/mitglieder\/marion-serbser\/","name":"Marion Serbser - FDA Mitte","isPartOf":{"@id":"https:\/\/fda-mitte.de\/#website"},"primaryImageOfPage":{"@id":"https:\/\/fda-mitte.de\/index.php\/mitglieder\/marion-serbser\/#primaryimage"},"image":{"@id":"https:\/\/fda-mitte.de\/index.php\/mitglieder\/marion-serbser\/#primaryimage"},"thumbnailUrl":"https:\/\/fda-mitte.de\/wp-content\/uploads\/2026\/05\/Marion_Serbser-Quelle_Marion_Serbser-1024x1024.png","datePublished":"2026-05-08T13:01:19+00:00","dateModified":"2026-05-08T13:01:45+00:00","breadcrumb":{"@id":"https:\/\/fda-mitte.de\/index.php\/mitglieder\/marion-serbser\/#breadcrumb"},"inLanguage":"de","potentialAction":[{"@type":"ReadAction","target":["https:\/\/fda-mitte.de\/index.php\/mitglieder\/marion-serbser\/"]}]},{"@type":"ImageObject","inLanguage":"de","@id":"https:\/\/fda-mitte.de\/index.php\/mitglieder\/marion-serbser\/#primaryimage","url":"https:\/\/fda-mitte.de\/wp-content\/uploads\/2026\/05\/Marion_Serbser-Quelle_Marion_Serbser.png","contentUrl":"https:\/\/fda-mitte.de\/wp-content\/uploads\/2026\/05\/Marion_Serbser-Quelle_Marion_Serbser.png","width":1254,"height":1254},{"@type":"BreadcrumbList","@id":"https:\/\/fda-mitte.de\/index.php\/mitglieder\/marion-serbser\/#breadcrumb","itemListElement":[{"@type":"ListItem","position":1,"name":"Startseite","item":"https:\/\/fda-mitte.de\/"},{"@type":"ListItem","position":2,"name":"Mitglieder","item":"https:\/\/fda-mitte.de\/index.php\/mitglieder\/"},{"@type":"ListItem","position":3,"name":"Marion Serbser"}]},{"@type":"WebSite","@id":"https:\/\/fda-mitte.de\/#website","url":"https:\/\/fda-mitte.de\/","name":"FDA Mitte","description":"","publisher":{"@id":"https:\/\/fda-mitte.de\/#organization"},"potentialAction":[{"@type":"SearchAction","target":{"@type":"EntryPoint","urlTemplate":"https:\/\/fda-mitte.de\/?s={search_term_string}"},"query-input":{"@type":"PropertyValueSpecification","valueRequired":true,"valueName":"search_term_string"}}],"inLanguage":"de"},{"@type":"Organization","@id":"https:\/\/fda-mitte.de\/#organization","name":"FDA Mitte","url":"https:\/\/fda-mitte.de\/","logo":{"@type":"ImageObject","inLanguage":"de","@id":"https:\/\/fda-mitte.de\/#\/schema\/logo\/image\/","url":"https:\/\/fda-mitte.de\/wp-content\/uploads\/2024\/10\/cropped-Logo_300_dpi-1.jpg","contentUrl":"https:\/\/fda-mitte.de\/wp-content\/uploads\/2024\/10\/cropped-Logo_300_dpi-1.jpg","width":747,"height":367,"caption":"FDA Mitte"},"image":{"@id":"https:\/\/fda-mitte.de\/#\/schema\/logo\/image\/"}}]}},"_links":{"self":[{"href":"https:\/\/fda-mitte.de\/index.php\/wp-json\/wp\/v2\/pages\/308","targetHints":{"allow":["GET"]}}],"collection":[{"href":"https:\/\/fda-mitte.de\/index.php\/wp-json\/wp\/v2\/pages"}],"about":[{"href":"https:\/\/fda-mitte.de\/index.php\/wp-json\/wp\/v2\/types\/page"}],"author":[{"embeddable":true,"href":"https:\/\/fda-mitte.de\/index.php\/wp-json\/wp\/v2\/users\/2"}],"replies":[{"embeddable":true,"href":"https:\/\/fda-mitte.de\/index.php\/wp-json\/wp\/v2\/comments?post=308"}],"version-history":[{"count":5,"href":"https:\/\/fda-mitte.de\/index.php\/wp-json\/wp\/v2\/pages\/308\/revisions"}],"predecessor-version":[{"id":316,"href":"https:\/\/fda-mitte.de\/index.php\/wp-json\/wp\/v2\/pages\/308\/revisions\/316"}],"up":[{"embeddable":true,"href":"https:\/\/fda-mitte.de\/index.php\/wp-json\/wp\/v2\/pages\/49"}],"wp:attachment":[{"href":"https:\/\/fda-mitte.de\/index.php\/wp-json\/wp\/v2\/media?parent=308"}],"curies":[{"name":"wp","href":"https:\/\/api.w.org\/{rel}","templated":true}]}}