{"id":147,"date":"2024-09-10T07:57:29","date_gmt":"2024-09-10T07:57:29","guid":{"rendered":"https:\/\/fda-mitte.de\/?page_id=147"},"modified":"2024-09-10T08:05:25","modified_gmt":"2024-09-10T08:05:25","slug":"sir-gawain-sucht-den-gruenen-ritter","status":"publish","type":"page","link":"https:\/\/fda-mitte.de\/index.php\/publikationen-des-fda-mitte\/sir-gawain-sucht-den-gruenen-ritter\/","title":{"rendered":"Sir Gawain sucht den Gr\u00fcnen Ritter"},"content":{"rendered":"\n<h2 class=\"wp-block-heading\">Beschreibung<\/h2>\n\n\n\n<h3 class=\"wp-block-heading\">\u00dcber die Sage<\/h3>\n\n\n\n<p>Seit vielen Jahrhunderten werden die Geschichtenerz\u00e4hler aller Herren L\u00e4nder nicht m\u00fcde, die Abenteuer des j\u00fcngsten Ritters der Tafelrunde neu auszuspinnen: Arrangierte Wolfram Eschenbach im 13. Jahrhundert ein Rendezvous seines \u201cHerrn Gawan\u201d mit Antigone auf einer Burg bei Askalon, so wurden \u201cSir Gawains\u201d Erlebnisse mit dem Gr\u00fcnen Ritter, aufgeschrieben von einem anonymen mittelenglischen Dichter rund ein Jahrhundert nach Wolfram, bis heute am bekanntesten.<\/p>\n\n\n\n<p>Treue und Ritterlichkeit sowie der Mangel an denselben bei diversen K\u00f6nigen (und was deren Schwestern davon halten) spielen in allen Versionen eine Rolle. Auch in unserer version von &#8222;Sir Gawain sucht den Gr\u00fcnen Ritter&#8220; aus dem 21. Jahrhundert, denn was sollte sich an diesen Themen jemals \u00e4ndern?<\/p>\n\n\n\n<h3 class=\"wp-block-heading\">\u00dcber den Autor<\/h3>\n\n\n\n<p>Josah Regenhort erblickte das Licht der Welt in Leipzig, wo er einige Jahre sp\u00e4ter seinen Freunden erfundene Geschichten als Fortsetzungsroman auf dem Schulweg erz\u00e4hlte, gelegentlich Klavier spielte (einmal auch im Reichsgericht alias Bundesverwaltungsgericht, das damals Dimitroff-Museum hie\u00df) und wohin er nach jahrelangen Reisen und einem Erweckungserlebnis auf der Comic Convention zu Erfurt nunmehr wieder zur\u00fcckgekehrt ist.<\/p>\n\n\n\n<h3 class=\"wp-block-heading\">\u00dcber die Ilustratorin<\/h3>\n\n\n\n<p>Hallo, mein Name ist Vera Stroblmair und ich bin eine selbstst\u00e4ndige K\u00fcnstlerin, geboren in \u00d6sterreich, derzeit schaffend in Leipzig.<\/p>\n\n\n\n<p>Auf das Projekt dieser Graphic Novel stie\u00df ich auf dem Comic Park in Erfurt vor etwa zwei Jahren. Da ich mich zu diesem Zeitpunkt genau in diese Richtung weiter entwickeln wollte, nahm ich die Herausforderung voller Elan an.<\/p>\n\n\n\n<p>Ich w\u00fcrde &#8222;Sir Gawain sucht den Gr\u00fcnen Ritter&#8220; zwar nicht als mein Erstlingswerk beschreiben, aber definitiv das Umfangreichste bisher. Es war f\u00fcr mich eine gro\u00dfe Chance zu lernen und einen Ablauf zu finden, der mir bei zuk\u00fcnftigen Projekten n\u00fctzlich sein wird, denn derer gibt es viele.<\/p>\n\n\n\n<p>Ich bin stolz, das Projekt erfolgreich in Bilderform gebracht zu haben.<\/p>\n\n\n\n<figure class=\"wp-block-image size-full\"><img loading=\"lazy\" decoding=\"async\" width=\"2560\" height=\"1920\" src=\"https:\/\/fda-mitte.de\/wp-content\/uploads\/2024\/09\/Sir_Gawain_Auszug-scaled.jpg\" alt=\"\" class=\"wp-image-157\" srcset=\"https:\/\/fda-mitte.de\/wp-content\/uploads\/2024\/09\/Sir_Gawain_Auszug-scaled.jpg 2560w, https:\/\/fda-mitte.de\/wp-content\/uploads\/2024\/09\/Sir_Gawain_Auszug-300x225.jpg 300w, https:\/\/fda-mitte.de\/wp-content\/uploads\/2024\/09\/Sir_Gawain_Auszug-1024x768.jpg 1024w, https:\/\/fda-mitte.de\/wp-content\/uploads\/2024\/09\/Sir_Gawain_Auszug-768x576.jpg 768w, https:\/\/fda-mitte.de\/wp-content\/uploads\/2024\/09\/Sir_Gawain_Auszug-1536x1152.jpg 1536w, https:\/\/fda-mitte.de\/wp-content\/uploads\/2024\/09\/Sir_Gawain_Auszug-2048x1536.jpg 2048w, https:\/\/fda-mitte.de\/wp-content\/uploads\/2024\/09\/Sir_Gawain_Auszug-1140x855.jpg 1140w\" sizes=\"auto, (max-width: 2560px) 100vw, 2560px\" \/><\/figure>\n\n\n\n<hr class=\"wp-block-separator has-alpha-channel-opacity\"\/>\n\n\n\n<p>1. Auflage 2023, copyright by Freier Deutscher Autorenverband, Landesverband Th\u00fcringen e.V. (jetzt Landesverband Mitte)<\/p>\n\n\n\n<p>ISBN 978-3-00-074579-9<\/p>\n\n\n\n<p>Druck: Winterworks, Borsdorf<\/p>\n","protected":false},"excerpt":{"rendered":"<p>Beschreibung \u00dcber die Sage Seit vielen Jahrhunderten werden die Geschichtenerz\u00e4hler aller Herren L\u00e4nder nicht m\u00fcde, die Abenteuer des j\u00fcngsten Ritters der Tafelrunde neu auszuspinnen: Arrangierte Wolfram Eschenbach im 13. Jahrhundert ein Rendezvous seines \u201cHerrn Gawan\u201d mit Antigone auf einer Burg bei Askalon, so wurden \u201cSir Gawains\u201d Erlebnisse mit dem Gr\u00fcnen Ritter, aufgeschrieben von einem anonymen mittelenglischen Dichter rund ein Jahrhundert nach Wolfram, bis heute am bekanntesten. Treue und Ritterlichkeit sowie der Mangel an denselben bei diversen K\u00f6nigen (und was deren Schwestern davon halten) spielen in allen Versionen eine Rolle. Auch in unserer version von &#8222;Sir Gawain sucht den Gr\u00fcnen Ritter&#8220; aus dem 21. Jahrhundert, denn was sollte sich an diesen Themen jemals \u00e4ndern? \u00dcber den Autor Josah Regenhort erblickte das Licht der Welt in Leipzig, wo er einige Jahre sp\u00e4ter seinen Freunden erfundene Geschichten als Fortsetzungsroman auf dem Schulweg erz\u00e4hlte, gelegentlich Klavier spielte (einmal auch im Reichsgericht alias Bundesverwaltungsgericht, das damals Dimitroff-Museum hie\u00df) und wohin er nach jahrelangen Reisen und einem Erweckungserlebnis auf der Comic Convention zu Erfurt nunmehr wieder zur\u00fcckgekehrt ist. \u00dcber die Ilustratorin Hallo, mein Name ist Vera Stroblmair und ich bin eine selbstst\u00e4ndige K\u00fcnstlerin, geboren in \u00d6sterreich, derzeit schaffend in Leipzig. Auf das Projekt dieser Graphic Novel stie\u00df ich auf dem Comic Park in Erfurt vor etwa zwei Jahren. Da ich mich zu diesem Zeitpunkt genau in diese Richtung weiter entwickeln wollte, nahm ich die Herausforderung voller Elan an. Ich w\u00fcrde &#8222;Sir Gawain sucht den Gr\u00fcnen Ritter&#8220; zwar nicht als mein Erstlingswerk beschreiben, aber definitiv das Umfangreichste bisher. Es war f\u00fcr mich eine gro\u00dfe Chance zu lernen und einen Ablauf zu finden, der mir bei zuk\u00fcnftigen Projekten n\u00fctzlich sein wird, denn derer gibt es viele. Ich bin stolz, das Projekt erfolgreich in Bilderform gebracht zu haben. 1. Auflage 2023, copyright by Freier Deutscher Autorenverband, Landesverband Th\u00fcringen e.V. (jetzt Landesverband Mitte) ISBN 978-3-00-074579-9 Druck: Winterworks, Borsdorf<\/p>\n","protected":false},"author":2,"featured_media":159,"parent":136,"menu_order":0,"comment_status":"closed","ping_status":"closed","template":"","meta":{"footnotes":""},"class_list":["post-147","page","type-page","status-publish","has-post-thumbnail","hentry"],"yoast_head":"<!-- This site is optimized with the Yoast SEO plugin v27.2 - https:\/\/yoast.com\/product\/yoast-seo-wordpress\/ -->\n<title>Sir Gawain sucht den Gr\u00fcnen Ritter - FDA Mitte<\/title>\n<meta name=\"description\" content=\"Der FDA LV Mitte vertreibt ein Graphic Novel, dessen Ver\u00f6ffentlichung von uns unterst\u00fctzt wurde: Sir Gawain sucht den Gr\u00fcnen Ritter.\" \/>\n<meta name=\"robots\" content=\"index, follow, max-snippet:-1, max-image-preview:large, max-video-preview:-1\" \/>\n<link rel=\"canonical\" href=\"https:\/\/fda-mitte.de\/index.php\/publikationen-des-fda-mitte\/sir-gawain-sucht-den-gruenen-ritter\/\" \/>\n<meta property=\"og:locale\" content=\"de_DE\" \/>\n<meta property=\"og:type\" content=\"article\" \/>\n<meta property=\"og:title\" content=\"Sir Gawain sucht den Gr\u00fcnen Ritter - FDA Mitte\" \/>\n<meta property=\"og:description\" content=\"Der FDA LV Mitte vertreibt ein Graphic Novel, dessen Ver\u00f6ffentlichung von uns unterst\u00fctzt wurde: Sir Gawain sucht den Gr\u00fcnen Ritter.\" \/>\n<meta property=\"og:url\" content=\"https:\/\/fda-mitte.de\/index.php\/publikationen-des-fda-mitte\/sir-gawain-sucht-den-gruenen-ritter\/\" \/>\n<meta property=\"og:site_name\" content=\"FDA Mitte\" \/>\n<meta property=\"article:modified_time\" content=\"2024-09-10T08:05:25+00:00\" \/>\n<meta property=\"og:image\" content=\"https:\/\/fda-mitte.de\/wp-content\/uploads\/2024\/09\/Sir_Gawain_Titel-scaled.jpg\" \/>\n\t<meta property=\"og:image:width\" content=\"1920\" \/>\n\t<meta property=\"og:image:height\" content=\"2560\" \/>\n\t<meta property=\"og:image:type\" content=\"image\/jpeg\" \/>\n<meta name=\"twitter:card\" content=\"summary_large_image\" \/>\n<meta name=\"twitter:label1\" content=\"Gesch\u00e4tzte Lesezeit\" \/>\n\t<meta name=\"twitter:data1\" content=\"3\u00a0Minuten\" \/>\n<script type=\"application\/ld+json\" class=\"yoast-schema-graph\">{\"@context\":\"https:\/\/schema.org\",\"@graph\":[{\"@type\":\"WebPage\",\"@id\":\"https:\/\/fda-mitte.de\/index.php\/publikationen-des-fda-mitte\/sir-gawain-sucht-den-gruenen-ritter\/\",\"url\":\"https:\/\/fda-mitte.de\/index.php\/publikationen-des-fda-mitte\/sir-gawain-sucht-den-gruenen-ritter\/\",\"name\":\"Sir Gawain sucht den Gr\u00fcnen Ritter - FDA Mitte\",\"isPartOf\":{\"@id\":\"https:\/\/fda-mitte.de\/#website\"},\"primaryImageOfPage\":{\"@id\":\"https:\/\/fda-mitte.de\/index.php\/publikationen-des-fda-mitte\/sir-gawain-sucht-den-gruenen-ritter\/#primaryimage\"},\"image\":{\"@id\":\"https:\/\/fda-mitte.de\/index.php\/publikationen-des-fda-mitte\/sir-gawain-sucht-den-gruenen-ritter\/#primaryimage\"},\"thumbnailUrl\":\"https:\/\/fda-mitte.de\/wp-content\/uploads\/2024\/09\/Sir_Gawain_Titel-scaled.jpg\",\"datePublished\":\"2024-09-10T07:57:29+00:00\",\"dateModified\":\"2024-09-10T08:05:25+00:00\",\"description\":\"Der FDA LV Mitte vertreibt ein Graphic Novel, dessen Ver\u00f6ffentlichung von uns unterst\u00fctzt wurde: Sir Gawain sucht den Gr\u00fcnen Ritter.\",\"breadcrumb\":{\"@id\":\"https:\/\/fda-mitte.de\/index.php\/publikationen-des-fda-mitte\/sir-gawain-sucht-den-gruenen-ritter\/#breadcrumb\"},\"inLanguage\":\"de\",\"potentialAction\":[{\"@type\":\"ReadAction\",\"target\":[\"https:\/\/fda-mitte.de\/index.php\/publikationen-des-fda-mitte\/sir-gawain-sucht-den-gruenen-ritter\/\"]}]},{\"@type\":\"ImageObject\",\"inLanguage\":\"de\",\"@id\":\"https:\/\/fda-mitte.de\/index.php\/publikationen-des-fda-mitte\/sir-gawain-sucht-den-gruenen-ritter\/#primaryimage\",\"url\":\"https:\/\/fda-mitte.de\/wp-content\/uploads\/2024\/09\/Sir_Gawain_Titel-scaled.jpg\",\"contentUrl\":\"https:\/\/fda-mitte.de\/wp-content\/uploads\/2024\/09\/Sir_Gawain_Titel-scaled.jpg\",\"width\":1920,\"height\":2560},{\"@type\":\"BreadcrumbList\",\"@id\":\"https:\/\/fda-mitte.de\/index.php\/publikationen-des-fda-mitte\/sir-gawain-sucht-den-gruenen-ritter\/#breadcrumb\",\"itemListElement\":[{\"@type\":\"ListItem\",\"position\":1,\"name\":\"Startseite\",\"item\":\"https:\/\/fda-mitte.de\/\"},{\"@type\":\"ListItem\",\"position\":2,\"name\":\"Publikationen des FDA Mitte\",\"item\":\"https:\/\/fda-mitte.de\/index.php\/publikationen-des-fda-mitte\/\"},{\"@type\":\"ListItem\",\"position\":3,\"name\":\"Sir Gawain sucht den Gr\u00fcnen Ritter\"}]},{\"@type\":\"WebSite\",\"@id\":\"https:\/\/fda-mitte.de\/#website\",\"url\":\"https:\/\/fda-mitte.de\/\",\"name\":\"FDA Mitte\",\"description\":\"\",\"publisher\":{\"@id\":\"https:\/\/fda-mitte.de\/#organization\"},\"potentialAction\":[{\"@type\":\"SearchAction\",\"target\":{\"@type\":\"EntryPoint\",\"urlTemplate\":\"https:\/\/fda-mitte.de\/?s={search_term_string}\"},\"query-input\":{\"@type\":\"PropertyValueSpecification\",\"valueRequired\":true,\"valueName\":\"search_term_string\"}}],\"inLanguage\":\"de\"},{\"@type\":\"Organization\",\"@id\":\"https:\/\/fda-mitte.de\/#organization\",\"name\":\"FDA Mitte\",\"url\":\"https:\/\/fda-mitte.de\/\",\"logo\":{\"@type\":\"ImageObject\",\"inLanguage\":\"de\",\"@id\":\"https:\/\/fda-mitte.de\/#\/schema\/logo\/image\/\",\"url\":\"https:\/\/fda-mitte.de\/wp-content\/uploads\/2024\/10\/cropped-Logo_300_dpi-1.jpg\",\"contentUrl\":\"https:\/\/fda-mitte.de\/wp-content\/uploads\/2024\/10\/cropped-Logo_300_dpi-1.jpg\",\"width\":747,\"height\":367,\"caption\":\"FDA Mitte\"},\"image\":{\"@id\":\"https:\/\/fda-mitte.de\/#\/schema\/logo\/image\/\"}}]}<\/script>\n<!-- \/ Yoast SEO plugin. -->","yoast_head_json":{"title":"Sir Gawain sucht den Gr\u00fcnen Ritter - FDA Mitte","description":"Der FDA LV Mitte vertreibt ein Graphic Novel, dessen Ver\u00f6ffentlichung von uns unterst\u00fctzt wurde: Sir Gawain sucht den Gr\u00fcnen Ritter.","robots":{"index":"index","follow":"follow","max-snippet":"max-snippet:-1","max-image-preview":"max-image-preview:large","max-video-preview":"max-video-preview:-1"},"canonical":"https:\/\/fda-mitte.de\/index.php\/publikationen-des-fda-mitte\/sir-gawain-sucht-den-gruenen-ritter\/","og_locale":"de_DE","og_type":"article","og_title":"Sir Gawain sucht den Gr\u00fcnen Ritter - FDA Mitte","og_description":"Der FDA LV Mitte vertreibt ein Graphic Novel, dessen Ver\u00f6ffentlichung von uns unterst\u00fctzt wurde: Sir Gawain sucht den Gr\u00fcnen Ritter.","og_url":"https:\/\/fda-mitte.de\/index.php\/publikationen-des-fda-mitte\/sir-gawain-sucht-den-gruenen-ritter\/","og_site_name":"FDA Mitte","article_modified_time":"2024-09-10T08:05:25+00:00","og_image":[{"width":1920,"height":2560,"url":"https:\/\/fda-mitte.de\/wp-content\/uploads\/2024\/09\/Sir_Gawain_Titel-scaled.jpg","type":"image\/jpeg"}],"twitter_card":"summary_large_image","twitter_misc":{"Gesch\u00e4tzte Lesezeit":"3\u00a0Minuten"},"schema":{"@context":"https:\/\/schema.org","@graph":[{"@type":"WebPage","@id":"https:\/\/fda-mitte.de\/index.php\/publikationen-des-fda-mitte\/sir-gawain-sucht-den-gruenen-ritter\/","url":"https:\/\/fda-mitte.de\/index.php\/publikationen-des-fda-mitte\/sir-gawain-sucht-den-gruenen-ritter\/","name":"Sir Gawain sucht den Gr\u00fcnen Ritter - FDA Mitte","isPartOf":{"@id":"https:\/\/fda-mitte.de\/#website"},"primaryImageOfPage":{"@id":"https:\/\/fda-mitte.de\/index.php\/publikationen-des-fda-mitte\/sir-gawain-sucht-den-gruenen-ritter\/#primaryimage"},"image":{"@id":"https:\/\/fda-mitte.de\/index.php\/publikationen-des-fda-mitte\/sir-gawain-sucht-den-gruenen-ritter\/#primaryimage"},"thumbnailUrl":"https:\/\/fda-mitte.de\/wp-content\/uploads\/2024\/09\/Sir_Gawain_Titel-scaled.jpg","datePublished":"2024-09-10T07:57:29+00:00","dateModified":"2024-09-10T08:05:25+00:00","description":"Der FDA LV Mitte vertreibt ein Graphic Novel, dessen Ver\u00f6ffentlichung von uns unterst\u00fctzt wurde: Sir Gawain sucht den Gr\u00fcnen Ritter.","breadcrumb":{"@id":"https:\/\/fda-mitte.de\/index.php\/publikationen-des-fda-mitte\/sir-gawain-sucht-den-gruenen-ritter\/#breadcrumb"},"inLanguage":"de","potentialAction":[{"@type":"ReadAction","target":["https:\/\/fda-mitte.de\/index.php\/publikationen-des-fda-mitte\/sir-gawain-sucht-den-gruenen-ritter\/"]}]},{"@type":"ImageObject","inLanguage":"de","@id":"https:\/\/fda-mitte.de\/index.php\/publikationen-des-fda-mitte\/sir-gawain-sucht-den-gruenen-ritter\/#primaryimage","url":"https:\/\/fda-mitte.de\/wp-content\/uploads\/2024\/09\/Sir_Gawain_Titel-scaled.jpg","contentUrl":"https:\/\/fda-mitte.de\/wp-content\/uploads\/2024\/09\/Sir_Gawain_Titel-scaled.jpg","width":1920,"height":2560},{"@type":"BreadcrumbList","@id":"https:\/\/fda-mitte.de\/index.php\/publikationen-des-fda-mitte\/sir-gawain-sucht-den-gruenen-ritter\/#breadcrumb","itemListElement":[{"@type":"ListItem","position":1,"name":"Startseite","item":"https:\/\/fda-mitte.de\/"},{"@type":"ListItem","position":2,"name":"Publikationen des FDA Mitte","item":"https:\/\/fda-mitte.de\/index.php\/publikationen-des-fda-mitte\/"},{"@type":"ListItem","position":3,"name":"Sir Gawain sucht den Gr\u00fcnen Ritter"}]},{"@type":"WebSite","@id":"https:\/\/fda-mitte.de\/#website","url":"https:\/\/fda-mitte.de\/","name":"FDA Mitte","description":"","publisher":{"@id":"https:\/\/fda-mitte.de\/#organization"},"potentialAction":[{"@type":"SearchAction","target":{"@type":"EntryPoint","urlTemplate":"https:\/\/fda-mitte.de\/?s={search_term_string}"},"query-input":{"@type":"PropertyValueSpecification","valueRequired":true,"valueName":"search_term_string"}}],"inLanguage":"de"},{"@type":"Organization","@id":"https:\/\/fda-mitte.de\/#organization","name":"FDA Mitte","url":"https:\/\/fda-mitte.de\/","logo":{"@type":"ImageObject","inLanguage":"de","@id":"https:\/\/fda-mitte.de\/#\/schema\/logo\/image\/","url":"https:\/\/fda-mitte.de\/wp-content\/uploads\/2024\/10\/cropped-Logo_300_dpi-1.jpg","contentUrl":"https:\/\/fda-mitte.de\/wp-content\/uploads\/2024\/10\/cropped-Logo_300_dpi-1.jpg","width":747,"height":367,"caption":"FDA Mitte"},"image":{"@id":"https:\/\/fda-mitte.de\/#\/schema\/logo\/image\/"}}]}},"_links":{"self":[{"href":"https:\/\/fda-mitte.de\/index.php\/wp-json\/wp\/v2\/pages\/147","targetHints":{"allow":["GET"]}}],"collection":[{"href":"https:\/\/fda-mitte.de\/index.php\/wp-json\/wp\/v2\/pages"}],"about":[{"href":"https:\/\/fda-mitte.de\/index.php\/wp-json\/wp\/v2\/types\/page"}],"author":[{"embeddable":true,"href":"https:\/\/fda-mitte.de\/index.php\/wp-json\/wp\/v2\/users\/2"}],"replies":[{"embeddable":true,"href":"https:\/\/fda-mitte.de\/index.php\/wp-json\/wp\/v2\/comments?post=147"}],"version-history":[{"count":7,"href":"https:\/\/fda-mitte.de\/index.php\/wp-json\/wp\/v2\/pages\/147\/revisions"}],"predecessor-version":[{"id":162,"href":"https:\/\/fda-mitte.de\/index.php\/wp-json\/wp\/v2\/pages\/147\/revisions\/162"}],"up":[{"embeddable":true,"href":"https:\/\/fda-mitte.de\/index.php\/wp-json\/wp\/v2\/pages\/136"}],"wp:featuredmedia":[{"embeddable":true,"href":"https:\/\/fda-mitte.de\/index.php\/wp-json\/wp\/v2\/media\/159"}],"wp:attachment":[{"href":"https:\/\/fda-mitte.de\/index.php\/wp-json\/wp\/v2\/media?parent=147"}],"curies":[{"name":"wp","href":"https:\/\/api.w.org\/{rel}","templated":true}]}}