{"id":136,"date":"2024-07-23T10:34:56","date_gmt":"2024-07-23T10:34:56","guid":{"rendered":"https:\/\/fda-mitte.de\/?page_id=136"},"modified":"2024-09-10T08:24:28","modified_gmt":"2024-09-10T08:24:28","slug":"publikationen-des-fda-mitte","status":"publish","type":"page","link":"https:\/\/fda-mitte.de\/index.php\/publikationen-des-fda-mitte\/","title":{"rendered":"Publikationen des FDA Mitte"},"content":{"rendered":"\n<p class=\"has-text-align-left\">Im Untermen\u00fc haben wir die Publikationen des FDA Mitte aufgelistet. Generell entstehen diese in gemeinsamen Projekten oder begleitend zu Veranstaltungen unseres Verbandes. Da der Verband vor 2024 als Freier Deutscher Autorenverband, Landesverband Th\u00fcringen, im Vereinsregister eingetragen war, \u00fcbernehmen wir auch die fr\u00fcheren Werke unter neuen Namen.<\/p>\n\n\n\n<p>Momentan sind folgende Publikationen verf\u00fcgbar:<\/p>\n\n\n\n<ul class=\"wp-block-list\">\n<li><a href=\"https:\/\/fda-mitte.de\/index.php\/publikationen-des-fda-mitte\/sir-gawain-sucht-den-gruenen-ritter\/\">Sir Gawain sucht den Gr\u00fcnen Ritter<\/a> | Graphic Novel<\/li>\n\n\n\n<li><a href=\"https:\/\/fda-mitte.de\/index.php\/publikationen-des-fda-mitte\/gedichte-zum-90-geburtstag-von-ilse-toedt\/\">Gedichte zum 90. Geburtstag von Ilse T\u00f6dt<\/a> | Gedichte und Illustrationen<\/li>\n<\/ul>\n\n\n\n<p>Alle Publikationen des FDA Mitte dienen satzungsgem\u00e4\u00df zum Erhalt der Vielfalt der deutschen Sprache und der St\u00e4rkung und der Sichtbarmachung literarischer Werke und ihrer entsprechenden Verfasser. Die Publikationen werden zum Selbstkostenpreis hergestellt &#8211; die Absicht, einen Gewinn damit zu erzielen ist von vorn herein ausgeschlossen.<\/p>\n\n\n\n<p>Bei Interesse daran, eine unserer Publikationen zu erwerben, schreiben Sie uns gern eine E-Mail. Wir kl\u00e4ren dann alle notwendigen Formalit\u00e4ten und regeln die Versandm\u00f6glichkeiten. Ein Erwerb ist durch eine Spende in H\u00f6he der Herstellungsselbstkosten m\u00f6glich.<\/p>\n","protected":false},"excerpt":{"rendered":"<p>Im Untermen\u00fc haben wir die Publikationen des FDA Mitte aufgelistet. Generell entstehen diese in gemeinsamen Projekten oder begleitend zu Veranstaltungen unseres Verbandes. Da der Verband vor 2024 als Freier Deutscher Autorenverband, Landesverband Th\u00fcringen, im Vereinsregister eingetragen war, \u00fcbernehmen wir auch die fr\u00fcheren Werke unter neuen Namen. Momentan sind folgende Publikationen verf\u00fcgbar: Alle Publikationen des FDA Mitte dienen satzungsgem\u00e4\u00df zum Erhalt der Vielfalt der deutschen Sprache und der St\u00e4rkung und der Sichtbarmachung literarischer Werke und ihrer entsprechenden Verfasser. Die Publikationen werden zum Selbstkostenpreis hergestellt &#8211; die Absicht, einen Gewinn damit zu erzielen ist von vorn herein ausgeschlossen. Bei Interesse daran, eine unserer Publikationen zu erwerben, schreiben Sie uns gern eine E-Mail. Wir kl\u00e4ren dann alle notwendigen Formalit\u00e4ten und regeln die Versandm\u00f6glichkeiten. Ein Erwerb ist durch eine Spende in H\u00f6he der Herstellungsselbstkosten m\u00f6glich.<\/p>\n","protected":false},"author":2,"featured_media":0,"parent":0,"menu_order":0,"comment_status":"closed","ping_status":"closed","template":"","meta":{"footnotes":""},"class_list":["post-136","page","type-page","status-publish","hentry"],"yoast_head":"<!-- This site is optimized with the Yoast SEO plugin v27.2 - https:\/\/yoast.com\/product\/yoast-seo-wordpress\/ -->\n<title>Publikationen des FDA Mitte - FDA Mitte<\/title>\n<meta name=\"description\" content=\"Wir verwalten hier die Publikationen des FDA Mitte. Dabei sind wir kein regelm\u00e4\u00dfiges Publikationsmedium, sondern Wege- und Projektbegleiter.\" \/>\n<meta name=\"robots\" content=\"index, follow, max-snippet:-1, max-image-preview:large, max-video-preview:-1\" \/>\n<link rel=\"canonical\" href=\"https:\/\/fda-mitte.de\/index.php\/publikationen-des-fda-mitte\/\" \/>\n<meta property=\"og:locale\" content=\"de_DE\" \/>\n<meta property=\"og:type\" content=\"article\" \/>\n<meta property=\"og:title\" content=\"Publikationen des FDA Mitte - FDA Mitte\" \/>\n<meta property=\"og:description\" content=\"Wir verwalten hier die Publikationen des FDA Mitte. Dabei sind wir kein regelm\u00e4\u00dfiges Publikationsmedium, sondern Wege- und Projektbegleiter.\" \/>\n<meta property=\"og:url\" content=\"https:\/\/fda-mitte.de\/index.php\/publikationen-des-fda-mitte\/\" \/>\n<meta property=\"og:site_name\" content=\"FDA Mitte\" \/>\n<meta property=\"article:modified_time\" content=\"2024-09-10T08:24:28+00:00\" \/>\n<meta name=\"twitter:card\" content=\"summary_large_image\" \/>\n<meta name=\"twitter:label1\" content=\"Gesch\u00e4tzte Lesezeit\" \/>\n\t<meta name=\"twitter:data1\" content=\"1\u00a0Minute\" \/>\n<script type=\"application\/ld+json\" class=\"yoast-schema-graph\">{\"@context\":\"https:\/\/schema.org\",\"@graph\":[{\"@type\":\"WebPage\",\"@id\":\"https:\/\/fda-mitte.de\/index.php\/publikationen-des-fda-mitte\/\",\"url\":\"https:\/\/fda-mitte.de\/index.php\/publikationen-des-fda-mitte\/\",\"name\":\"Publikationen des FDA Mitte - FDA Mitte\",\"isPartOf\":{\"@id\":\"https:\/\/fda-mitte.de\/#website\"},\"datePublished\":\"2024-07-23T10:34:56+00:00\",\"dateModified\":\"2024-09-10T08:24:28+00:00\",\"description\":\"Wir verwalten hier die Publikationen des FDA Mitte. Dabei sind wir kein regelm\u00e4\u00dfiges Publikationsmedium, sondern Wege- und Projektbegleiter.\",\"breadcrumb\":{\"@id\":\"https:\/\/fda-mitte.de\/index.php\/publikationen-des-fda-mitte\/#breadcrumb\"},\"inLanguage\":\"de\",\"potentialAction\":[{\"@type\":\"ReadAction\",\"target\":[\"https:\/\/fda-mitte.de\/index.php\/publikationen-des-fda-mitte\/\"]}]},{\"@type\":\"BreadcrumbList\",\"@id\":\"https:\/\/fda-mitte.de\/index.php\/publikationen-des-fda-mitte\/#breadcrumb\",\"itemListElement\":[{\"@type\":\"ListItem\",\"position\":1,\"name\":\"Startseite\",\"item\":\"https:\/\/fda-mitte.de\/\"},{\"@type\":\"ListItem\",\"position\":2,\"name\":\"Publikationen des FDA Mitte\"}]},{\"@type\":\"WebSite\",\"@id\":\"https:\/\/fda-mitte.de\/#website\",\"url\":\"https:\/\/fda-mitte.de\/\",\"name\":\"FDA Mitte\",\"description\":\"\",\"publisher\":{\"@id\":\"https:\/\/fda-mitte.de\/#organization\"},\"potentialAction\":[{\"@type\":\"SearchAction\",\"target\":{\"@type\":\"EntryPoint\",\"urlTemplate\":\"https:\/\/fda-mitte.de\/?s={search_term_string}\"},\"query-input\":{\"@type\":\"PropertyValueSpecification\",\"valueRequired\":true,\"valueName\":\"search_term_string\"}}],\"inLanguage\":\"de\"},{\"@type\":\"Organization\",\"@id\":\"https:\/\/fda-mitte.de\/#organization\",\"name\":\"FDA Mitte\",\"url\":\"https:\/\/fda-mitte.de\/\",\"logo\":{\"@type\":\"ImageObject\",\"inLanguage\":\"de\",\"@id\":\"https:\/\/fda-mitte.de\/#\/schema\/logo\/image\/\",\"url\":\"https:\/\/fda-mitte.de\/wp-content\/uploads\/2024\/10\/cropped-Logo_300_dpi-1.jpg\",\"contentUrl\":\"https:\/\/fda-mitte.de\/wp-content\/uploads\/2024\/10\/cropped-Logo_300_dpi-1.jpg\",\"width\":747,\"height\":367,\"caption\":\"FDA Mitte\"},\"image\":{\"@id\":\"https:\/\/fda-mitte.de\/#\/schema\/logo\/image\/\"}}]}<\/script>\n<!-- \/ Yoast SEO plugin. -->","yoast_head_json":{"title":"Publikationen des FDA Mitte - FDA Mitte","description":"Wir verwalten hier die Publikationen des FDA Mitte. Dabei sind wir kein regelm\u00e4\u00dfiges Publikationsmedium, sondern Wege- und Projektbegleiter.","robots":{"index":"index","follow":"follow","max-snippet":"max-snippet:-1","max-image-preview":"max-image-preview:large","max-video-preview":"max-video-preview:-1"},"canonical":"https:\/\/fda-mitte.de\/index.php\/publikationen-des-fda-mitte\/","og_locale":"de_DE","og_type":"article","og_title":"Publikationen des FDA Mitte - FDA Mitte","og_description":"Wir verwalten hier die Publikationen des FDA Mitte. Dabei sind wir kein regelm\u00e4\u00dfiges Publikationsmedium, sondern Wege- und Projektbegleiter.","og_url":"https:\/\/fda-mitte.de\/index.php\/publikationen-des-fda-mitte\/","og_site_name":"FDA Mitte","article_modified_time":"2024-09-10T08:24:28+00:00","twitter_card":"summary_large_image","twitter_misc":{"Gesch\u00e4tzte Lesezeit":"1\u00a0Minute"},"schema":{"@context":"https:\/\/schema.org","@graph":[{"@type":"WebPage","@id":"https:\/\/fda-mitte.de\/index.php\/publikationen-des-fda-mitte\/","url":"https:\/\/fda-mitte.de\/index.php\/publikationen-des-fda-mitte\/","name":"Publikationen des FDA Mitte - FDA Mitte","isPartOf":{"@id":"https:\/\/fda-mitte.de\/#website"},"datePublished":"2024-07-23T10:34:56+00:00","dateModified":"2024-09-10T08:24:28+00:00","description":"Wir verwalten hier die Publikationen des FDA Mitte. Dabei sind wir kein regelm\u00e4\u00dfiges Publikationsmedium, sondern Wege- und Projektbegleiter.","breadcrumb":{"@id":"https:\/\/fda-mitte.de\/index.php\/publikationen-des-fda-mitte\/#breadcrumb"},"inLanguage":"de","potentialAction":[{"@type":"ReadAction","target":["https:\/\/fda-mitte.de\/index.php\/publikationen-des-fda-mitte\/"]}]},{"@type":"BreadcrumbList","@id":"https:\/\/fda-mitte.de\/index.php\/publikationen-des-fda-mitte\/#breadcrumb","itemListElement":[{"@type":"ListItem","position":1,"name":"Startseite","item":"https:\/\/fda-mitte.de\/"},{"@type":"ListItem","position":2,"name":"Publikationen des FDA Mitte"}]},{"@type":"WebSite","@id":"https:\/\/fda-mitte.de\/#website","url":"https:\/\/fda-mitte.de\/","name":"FDA Mitte","description":"","publisher":{"@id":"https:\/\/fda-mitte.de\/#organization"},"potentialAction":[{"@type":"SearchAction","target":{"@type":"EntryPoint","urlTemplate":"https:\/\/fda-mitte.de\/?s={search_term_string}"},"query-input":{"@type":"PropertyValueSpecification","valueRequired":true,"valueName":"search_term_string"}}],"inLanguage":"de"},{"@type":"Organization","@id":"https:\/\/fda-mitte.de\/#organization","name":"FDA Mitte","url":"https:\/\/fda-mitte.de\/","logo":{"@type":"ImageObject","inLanguage":"de","@id":"https:\/\/fda-mitte.de\/#\/schema\/logo\/image\/","url":"https:\/\/fda-mitte.de\/wp-content\/uploads\/2024\/10\/cropped-Logo_300_dpi-1.jpg","contentUrl":"https:\/\/fda-mitte.de\/wp-content\/uploads\/2024\/10\/cropped-Logo_300_dpi-1.jpg","width":747,"height":367,"caption":"FDA Mitte"},"image":{"@id":"https:\/\/fda-mitte.de\/#\/schema\/logo\/image\/"}}]}},"_links":{"self":[{"href":"https:\/\/fda-mitte.de\/index.php\/wp-json\/wp\/v2\/pages\/136","targetHints":{"allow":["GET"]}}],"collection":[{"href":"https:\/\/fda-mitte.de\/index.php\/wp-json\/wp\/v2\/pages"}],"about":[{"href":"https:\/\/fda-mitte.de\/index.php\/wp-json\/wp\/v2\/types\/page"}],"author":[{"embeddable":true,"href":"https:\/\/fda-mitte.de\/index.php\/wp-json\/wp\/v2\/users\/2"}],"replies":[{"embeddable":true,"href":"https:\/\/fda-mitte.de\/index.php\/wp-json\/wp\/v2\/comments?post=136"}],"version-history":[{"count":4,"href":"https:\/\/fda-mitte.de\/index.php\/wp-json\/wp\/v2\/pages\/136\/revisions"}],"predecessor-version":[{"id":169,"href":"https:\/\/fda-mitte.de\/index.php\/wp-json\/wp\/v2\/pages\/136\/revisions\/169"}],"wp:attachment":[{"href":"https:\/\/fda-mitte.de\/index.php\/wp-json\/wp\/v2\/media?parent=136"}],"curies":[{"name":"wp","href":"https:\/\/api.w.org\/{rel}","templated":true}]}}