{"id":112,"date":"2024-06-23T15:20:06","date_gmt":"2024-06-23T15:20:06","guid":{"rendered":"https:\/\/fda-mitte.de\/?page_id=112"},"modified":"2024-06-23T15:31:58","modified_gmt":"2024-06-23T15:31:58","slug":"partner-freunde-und-foerderer","status":"publish","type":"page","link":"https:\/\/fda-mitte.de\/index.php\/partner-freunde-und-foerderer\/","title":{"rendered":"Partner, Freunde und F\u00f6rderer"},"content":{"rendered":"\n<figure class=\"wp-block-gallery aligncenter has-nested-images columns-default is-cropped wp-block-gallery-1 is-layout-flex wp-block-gallery-is-layout-flex\"><div class=\"wp-block-image\">\n<figure class=\"aligncenter size-large\"><img loading=\"lazy\" decoding=\"async\" width=\"238\" height=\"71\" data-id=\"113\" src=\"https:\/\/fda-mitte.de\/wp-content\/uploads\/2024\/06\/logo-freier-deutscher-autorenverband.png\" alt=\"Logo des Freien Deutschen Autorenverbandes, stets ein verl\u00e4sslicher Partner und F\u00f6rderer\" class=\"wp-image-113\"\/><\/figure>\n<\/div>\n\n\n<figure class=\"wp-block-image size-large is-resized\"><img loading=\"lazy\" decoding=\"async\" width=\"218\" height=\"120\" data-id=\"121\" src=\"https:\/\/fda-mitte.de\/wp-content\/uploads\/2024\/06\/logo-fda-nord.png\" alt=\"Logo des Freien Deutschen Autorenverbandes, Landesverband Nord, stets ein verl\u00e4sslicher Partner und F\u00f6rderer\" class=\"wp-image-121\" style=\"width:248px;height:auto\"\/><\/figure>\n\n\n<div class=\"wp-block-image is-style-default\">\n<figure class=\"aligncenter size-large\"><img loading=\"lazy\" decoding=\"async\" width=\"238\" height=\"36\" data-id=\"114\" src=\"https:\/\/fda-mitte.de\/wp-content\/uploads\/2024\/06\/image.png\" alt=\"Logo des Th\u00fcringer Literaturrates, stets ein verl\u00e4sslicher Partner und F\u00f6rderer\" class=\"wp-image-114\"\/><\/figure>\n<\/div><\/figure>\n\n\n\n<h2 class=\"wp-block-heading\">Internes Verbandnetzwerk<\/h2>\n\n\n\n<h3 class=\"wp-block-heading\">Freier Deutscher Autorenverband (Dachorganisation)<\/h3>\n\n\n\n<p>Wenn es um unsere Partner, Freunde und F\u00f6rderer geht, k\u00f6nnen wir auf zwei starke Netzwerkquellen zur\u00fcckgreifen: Als Landesverband sind wir einer der regionalen Verb\u00e4nde des Dachverbandes des <a href=\"http:\/\/www.fda.de\">Freien Deutschen Autorenverband &#8211; Schutzverband Deutscher Schriftsteller &#8211; e. V.<\/a> und damit in dessen Netzwerk einbezogen. Obwohl dies die Dachorganisation ist, sind wir als Landesverband Mitte eine eigenst\u00e4ndige Organisation.<\/p>\n\n\n\n<h3 class=\"wp-block-heading\">Freier Deutscher Autorenverband, Landesverband Nord<\/h3>\n\n\n\n<p>Der FDA LV Nord ist <a href=\"https:\/\/www.youtube.com\/channel\/UCEOsgBnvezfPWFhY636ecRQ\">hier<\/a> auf Youtube zu finden.<\/p>\n\n\n\n<h2 class=\"wp-block-heading\">Externe Partner, Freunde und F\u00f6rderer<\/h2>\n\n\n\n<h3 class=\"wp-block-heading\">Th\u00fcringer Literaturrat<\/h3>\n\n\n\n<p>Wir sind au\u00dferdem Mitglied im Th\u00fcringer Literaturrat, welcher eine starke und engagierte Verbindungsstelle zw. den Kultur- und Interessenvereinen und der Politik bildet.<\/p>\n\n\n\n<h3 class=\"wp-block-heading\">Schillerverein Leipzig e. V.<\/h3>\n\n\n\n<p>Wir haben in der Vergangenheit schon mehrmals mit Mitgliedern des Schillerverein Leipzig e. V. zusammengearbeitet und so tolle Veranstaltungen durchf\u00fchren k\u00f6nnen. <\/p>\n\n\n\n<p>Unsere Mitglieder arbeiten alle Ehrenamtlich, weshalb wir auf die Unterst\u00fctzung durch Partner, Freunde und F\u00f6rderer angewiesen sind. Ohne diese Hilfe von au\u00dfen w\u00e4ren Projekte und <a href=\"https:\/\/fda-mitte.de\/index.php\/ausschreibungen\/\">Ausschreibungen<\/a>, wie wir sie in der Vergangenheit regelm\u00e4\u00dfig gemacht haben und nun auch fortf\u00fchren wollen, undenkbar.<\/p>\n\n\n\n<h2 class=\"wp-block-heading\">Wo wir sonst zu finden sind<\/h2>\n\n\n\n<p>Au\u00dferhalb unserer Website sind wir auf der <a href=\"https:\/\/www.autorenwelt.de\/organisation\/freier-deutscher-autorenverband-landesverband-mitte\">Autorenwelt<\/a> verteten. Einige unsere Mitglieder findet man auf diversen Social-Media-Kan\u00e4len. <\/p>\n","protected":false},"excerpt":{"rendered":"<p>Internes Verbandnetzwerk Freier Deutscher Autorenverband (Dachorganisation) Wenn es um unsere Partner, Freunde und F\u00f6rderer geht, k\u00f6nnen wir auf zwei starke Netzwerkquellen zur\u00fcckgreifen: Als Landesverband sind wir einer der regionalen Verb\u00e4nde des Dachverbandes des Freien Deutschen Autorenverband &#8211; Schutzverband Deutscher Schriftsteller &#8211; e. V. und damit in dessen Netzwerk einbezogen. Obwohl dies die Dachorganisation ist, sind wir als Landesverband Mitte eine eigenst\u00e4ndige Organisation. Freier Deutscher Autorenverband, Landesverband Nord Der FDA LV Nord ist hier auf Youtube zu finden. Externe Partner, Freunde und F\u00f6rderer Th\u00fcringer Literaturrat Wir sind au\u00dferdem Mitglied im Th\u00fcringer Literaturrat, welcher eine starke und engagierte Verbindungsstelle zw. den Kultur- und Interessenvereinen und der Politik bildet. Schillerverein Leipzig e. V. Wir haben in der Vergangenheit schon mehrmals mit Mitgliedern des Schillerverein Leipzig e. V. zusammengearbeitet und so tolle Veranstaltungen durchf\u00fchren k\u00f6nnen. Unsere Mitglieder arbeiten alle Ehrenamtlich, weshalb wir auf die Unterst\u00fctzung durch Partner, Freunde und F\u00f6rderer angewiesen sind. Ohne diese Hilfe von au\u00dfen w\u00e4ren Projekte und Ausschreibungen, wie wir sie in der Vergangenheit regelm\u00e4\u00dfig gemacht haben und nun auch fortf\u00fchren wollen, undenkbar. Wo wir sonst zu finden sind Au\u00dferhalb unserer Website sind wir auf der Autorenwelt verteten. Einige unsere Mitglieder findet man auf diversen Social-Media-Kan\u00e4len.<\/p>\n","protected":false},"author":2,"featured_media":0,"parent":0,"menu_order":0,"comment_status":"closed","ping_status":"closed","template":"","meta":{"footnotes":""},"class_list":["post-112","page","type-page","status-publish","hentry"],"yoast_head":"<!-- This site is optimized with the Yoast SEO plugin v27.2 - https:\/\/yoast.com\/product\/yoast-seo-wordpress\/ -->\n<title>Partner, Freunde und F\u00f6rderer - FDA Mitte<\/title>\n<meta name=\"description\" content=\"Eine Auflistung der Partner, Freunde und F\u00f6rderer. Wir profitieren vom Netzwerk der mitteldeutschen Kulturbranche und dem FDA-Dachverband.\" \/>\n<meta name=\"robots\" content=\"index, follow, max-snippet:-1, max-image-preview:large, max-video-preview:-1\" \/>\n<link rel=\"canonical\" href=\"https:\/\/fda-mitte.de\/index.php\/partner-freunde-und-foerderer\/\" \/>\n<meta property=\"og:locale\" content=\"de_DE\" \/>\n<meta property=\"og:type\" content=\"article\" \/>\n<meta property=\"og:title\" content=\"Partner, Freunde und F\u00f6rderer - FDA Mitte\" \/>\n<meta property=\"og:description\" content=\"Eine Auflistung der Partner, Freunde und F\u00f6rderer. Wir profitieren vom Netzwerk der mitteldeutschen Kulturbranche und dem FDA-Dachverband.\" \/>\n<meta property=\"og:url\" content=\"https:\/\/fda-mitte.de\/index.php\/partner-freunde-und-foerderer\/\" \/>\n<meta property=\"og:site_name\" content=\"FDA Mitte\" \/>\n<meta property=\"article:modified_time\" content=\"2024-06-23T15:31:58+00:00\" \/>\n<meta property=\"og:image\" content=\"https:\/\/fda-mitte.de\/wp-content\/uploads\/2024\/06\/logo-freier-deutscher-autorenverband.png\" \/>\n<meta name=\"twitter:card\" content=\"summary_large_image\" \/>\n<meta name=\"twitter:label1\" content=\"Gesch\u00e4tzte Lesezeit\" \/>\n\t<meta name=\"twitter:data1\" content=\"2\u00a0Minuten\" \/>\n<script type=\"application\/ld+json\" class=\"yoast-schema-graph\">{\"@context\":\"https:\/\/schema.org\",\"@graph\":[{\"@type\":\"WebPage\",\"@id\":\"https:\/\/fda-mitte.de\/index.php\/partner-freunde-und-foerderer\/\",\"url\":\"https:\/\/fda-mitte.de\/index.php\/partner-freunde-und-foerderer\/\",\"name\":\"Partner, Freunde und F\u00f6rderer - FDA Mitte\",\"isPartOf\":{\"@id\":\"https:\/\/fda-mitte.de\/#website\"},\"primaryImageOfPage\":{\"@id\":\"https:\/\/fda-mitte.de\/index.php\/partner-freunde-und-foerderer\/#primaryimage\"},\"image\":{\"@id\":\"https:\/\/fda-mitte.de\/index.php\/partner-freunde-und-foerderer\/#primaryimage\"},\"thumbnailUrl\":\"https:\/\/fda-mitte.de\/wp-content\/uploads\/2024\/06\/logo-freier-deutscher-autorenverband.png\",\"datePublished\":\"2024-06-23T15:20:06+00:00\",\"dateModified\":\"2024-06-23T15:31:58+00:00\",\"description\":\"Eine Auflistung der Partner, Freunde und F\u00f6rderer. Wir profitieren vom Netzwerk der mitteldeutschen Kulturbranche und dem FDA-Dachverband.\",\"breadcrumb\":{\"@id\":\"https:\/\/fda-mitte.de\/index.php\/partner-freunde-und-foerderer\/#breadcrumb\"},\"inLanguage\":\"de\",\"potentialAction\":[{\"@type\":\"ReadAction\",\"target\":[\"https:\/\/fda-mitte.de\/index.php\/partner-freunde-und-foerderer\/\"]}]},{\"@type\":\"ImageObject\",\"inLanguage\":\"de\",\"@id\":\"https:\/\/fda-mitte.de\/index.php\/partner-freunde-und-foerderer\/#primaryimage\",\"url\":\"https:\/\/fda-mitte.de\/wp-content\/uploads\/2024\/06\/logo-freier-deutscher-autorenverband.png\",\"contentUrl\":\"https:\/\/fda-mitte.de\/wp-content\/uploads\/2024\/06\/logo-freier-deutscher-autorenverband.png\",\"width\":238,\"height\":71,\"caption\":\"Logo des Freien Deutschen Autorenverbandes, stets ein verl\u00e4sslicher Partner und F\u00f6rderer\"},{\"@type\":\"BreadcrumbList\",\"@id\":\"https:\/\/fda-mitte.de\/index.php\/partner-freunde-und-foerderer\/#breadcrumb\",\"itemListElement\":[{\"@type\":\"ListItem\",\"position\":1,\"name\":\"Startseite\",\"item\":\"https:\/\/fda-mitte.de\/\"},{\"@type\":\"ListItem\",\"position\":2,\"name\":\"Partner, Freunde und F\u00f6rderer\"}]},{\"@type\":\"WebSite\",\"@id\":\"https:\/\/fda-mitte.de\/#website\",\"url\":\"https:\/\/fda-mitte.de\/\",\"name\":\"FDA Mitte\",\"description\":\"\",\"publisher\":{\"@id\":\"https:\/\/fda-mitte.de\/#organization\"},\"potentialAction\":[{\"@type\":\"SearchAction\",\"target\":{\"@type\":\"EntryPoint\",\"urlTemplate\":\"https:\/\/fda-mitte.de\/?s={search_term_string}\"},\"query-input\":{\"@type\":\"PropertyValueSpecification\",\"valueRequired\":true,\"valueName\":\"search_term_string\"}}],\"inLanguage\":\"de\"},{\"@type\":\"Organization\",\"@id\":\"https:\/\/fda-mitte.de\/#organization\",\"name\":\"FDA Mitte\",\"url\":\"https:\/\/fda-mitte.de\/\",\"logo\":{\"@type\":\"ImageObject\",\"inLanguage\":\"de\",\"@id\":\"https:\/\/fda-mitte.de\/#\/schema\/logo\/image\/\",\"url\":\"https:\/\/fda-mitte.de\/wp-content\/uploads\/2024\/10\/cropped-Logo_300_dpi-1.jpg\",\"contentUrl\":\"https:\/\/fda-mitte.de\/wp-content\/uploads\/2024\/10\/cropped-Logo_300_dpi-1.jpg\",\"width\":747,\"height\":367,\"caption\":\"FDA Mitte\"},\"image\":{\"@id\":\"https:\/\/fda-mitte.de\/#\/schema\/logo\/image\/\"}}]}<\/script>\n<!-- \/ Yoast SEO plugin. -->","yoast_head_json":{"title":"Partner, Freunde und F\u00f6rderer - FDA Mitte","description":"Eine Auflistung der Partner, Freunde und F\u00f6rderer. Wir profitieren vom Netzwerk der mitteldeutschen Kulturbranche und dem FDA-Dachverband.","robots":{"index":"index","follow":"follow","max-snippet":"max-snippet:-1","max-image-preview":"max-image-preview:large","max-video-preview":"max-video-preview:-1"},"canonical":"https:\/\/fda-mitte.de\/index.php\/partner-freunde-und-foerderer\/","og_locale":"de_DE","og_type":"article","og_title":"Partner, Freunde und F\u00f6rderer - FDA Mitte","og_description":"Eine Auflistung der Partner, Freunde und F\u00f6rderer. Wir profitieren vom Netzwerk der mitteldeutschen Kulturbranche und dem FDA-Dachverband.","og_url":"https:\/\/fda-mitte.de\/index.php\/partner-freunde-und-foerderer\/","og_site_name":"FDA Mitte","article_modified_time":"2024-06-23T15:31:58+00:00","og_image":[{"url":"https:\/\/fda-mitte.de\/wp-content\/uploads\/2024\/06\/logo-freier-deutscher-autorenverband.png","type":"","width":"","height":""}],"twitter_card":"summary_large_image","twitter_misc":{"Gesch\u00e4tzte Lesezeit":"2\u00a0Minuten"},"schema":{"@context":"https:\/\/schema.org","@graph":[{"@type":"WebPage","@id":"https:\/\/fda-mitte.de\/index.php\/partner-freunde-und-foerderer\/","url":"https:\/\/fda-mitte.de\/index.php\/partner-freunde-und-foerderer\/","name":"Partner, Freunde und F\u00f6rderer - FDA Mitte","isPartOf":{"@id":"https:\/\/fda-mitte.de\/#website"},"primaryImageOfPage":{"@id":"https:\/\/fda-mitte.de\/index.php\/partner-freunde-und-foerderer\/#primaryimage"},"image":{"@id":"https:\/\/fda-mitte.de\/index.php\/partner-freunde-und-foerderer\/#primaryimage"},"thumbnailUrl":"https:\/\/fda-mitte.de\/wp-content\/uploads\/2024\/06\/logo-freier-deutscher-autorenverband.png","datePublished":"2024-06-23T15:20:06+00:00","dateModified":"2024-06-23T15:31:58+00:00","description":"Eine Auflistung der Partner, Freunde und F\u00f6rderer. Wir profitieren vom Netzwerk der mitteldeutschen Kulturbranche und dem FDA-Dachverband.","breadcrumb":{"@id":"https:\/\/fda-mitte.de\/index.php\/partner-freunde-und-foerderer\/#breadcrumb"},"inLanguage":"de","potentialAction":[{"@type":"ReadAction","target":["https:\/\/fda-mitte.de\/index.php\/partner-freunde-und-foerderer\/"]}]},{"@type":"ImageObject","inLanguage":"de","@id":"https:\/\/fda-mitte.de\/index.php\/partner-freunde-und-foerderer\/#primaryimage","url":"https:\/\/fda-mitte.de\/wp-content\/uploads\/2024\/06\/logo-freier-deutscher-autorenverband.png","contentUrl":"https:\/\/fda-mitte.de\/wp-content\/uploads\/2024\/06\/logo-freier-deutscher-autorenverband.png","width":238,"height":71,"caption":"Logo des Freien Deutschen Autorenverbandes, stets ein verl\u00e4sslicher Partner und F\u00f6rderer"},{"@type":"BreadcrumbList","@id":"https:\/\/fda-mitte.de\/index.php\/partner-freunde-und-foerderer\/#breadcrumb","itemListElement":[{"@type":"ListItem","position":1,"name":"Startseite","item":"https:\/\/fda-mitte.de\/"},{"@type":"ListItem","position":2,"name":"Partner, Freunde und F\u00f6rderer"}]},{"@type":"WebSite","@id":"https:\/\/fda-mitte.de\/#website","url":"https:\/\/fda-mitte.de\/","name":"FDA Mitte","description":"","publisher":{"@id":"https:\/\/fda-mitte.de\/#organization"},"potentialAction":[{"@type":"SearchAction","target":{"@type":"EntryPoint","urlTemplate":"https:\/\/fda-mitte.de\/?s={search_term_string}"},"query-input":{"@type":"PropertyValueSpecification","valueRequired":true,"valueName":"search_term_string"}}],"inLanguage":"de"},{"@type":"Organization","@id":"https:\/\/fda-mitte.de\/#organization","name":"FDA Mitte","url":"https:\/\/fda-mitte.de\/","logo":{"@type":"ImageObject","inLanguage":"de","@id":"https:\/\/fda-mitte.de\/#\/schema\/logo\/image\/","url":"https:\/\/fda-mitte.de\/wp-content\/uploads\/2024\/10\/cropped-Logo_300_dpi-1.jpg","contentUrl":"https:\/\/fda-mitte.de\/wp-content\/uploads\/2024\/10\/cropped-Logo_300_dpi-1.jpg","width":747,"height":367,"caption":"FDA Mitte"},"image":{"@id":"https:\/\/fda-mitte.de\/#\/schema\/logo\/image\/"}}]}},"_links":{"self":[{"href":"https:\/\/fda-mitte.de\/index.php\/wp-json\/wp\/v2\/pages\/112","targetHints":{"allow":["GET"]}}],"collection":[{"href":"https:\/\/fda-mitte.de\/index.php\/wp-json\/wp\/v2\/pages"}],"about":[{"href":"https:\/\/fda-mitte.de\/index.php\/wp-json\/wp\/v2\/types\/page"}],"author":[{"embeddable":true,"href":"https:\/\/fda-mitte.de\/index.php\/wp-json\/wp\/v2\/users\/2"}],"replies":[{"embeddable":true,"href":"https:\/\/fda-mitte.de\/index.php\/wp-json\/wp\/v2\/comments?post=112"}],"version-history":[{"count":14,"href":"https:\/\/fda-mitte.de\/index.php\/wp-json\/wp\/v2\/pages\/112\/revisions"}],"predecessor-version":[{"id":134,"href":"https:\/\/fda-mitte.de\/index.php\/wp-json\/wp\/v2\/pages\/112\/revisions\/134"}],"wp:attachment":[{"href":"https:\/\/fda-mitte.de\/index.php\/wp-json\/wp\/v2\/media?parent=112"}],"curies":[{"name":"wp","href":"https:\/\/api.w.org\/{rel}","templated":true}]}}